{"id":2202,"date":"2022-01-06T13:52:43","date_gmt":"2022-01-06T13:52:43","guid":{"rendered":"https:\/\/leinonen.dev.tenpixls.com\/contacts\/"},"modified":"2025-10-21T13:26:02","modified_gmt":"2025-10-21T13:26:02","slug":"kontakt","status":"publish","type":"page","link":"https:\/\/leinonen.eu\/est\/et\/kontakt\/","title":{"rendered":"Kontaktid"},"content":{"rendered":"","protected":false},"excerpt":{"rendered":"","protected":false},"author":1,"featured_media":2256,"parent":0,"menu_order":0,"comment_status":"closed","ping_status":"closed","template":"page-builder.php","meta":{"_acf_changed":false,"inline_featured_image":false,"footnotes":""},"coauthors":[73],"class_list":["post-2202","page","type-page","status-publish","has-post-thumbnail","hentry"],"acf":[],"yoast_head":"<!-- This site is optimized with the Yoast SEO plugin v25.5 - https:\/\/yoast.com\/wordpress\/plugins\/seo\/ -->\n<title>Kontakt | Leinoneni esindused | Leinonen Eesti<\/title>\n<meta name=\"description\" content=\"Leinoneni esindused asuvad \u00fcle kogu Euroopa. Meie eksperdid oskavad n\u00f5ustada nii kohaliku kui piiri\u00fclese \u00e4ritegevusega seotud k\u00fcsimustes. V\u00f5tke \u00fchendust!\" \/>\n<meta name=\"robots\" content=\"index, follow, max-snippet:-1, max-image-preview:large, max-video-preview:-1\" \/>\n<link rel=\"canonical\" href=\"https:\/\/leinonen.eu\/est\/et\/kontakt\/\" \/>\n<meta property=\"og:locale\" content=\"et_EE\" \/>\n<meta property=\"og:type\" content=\"article\" \/>\n<meta property=\"og:title\" content=\"Kontakt | Leinoneni esindused | Leinonen Eesti\" \/>\n<meta property=\"og:description\" content=\"Leinoneni esindused asuvad \u00fcle kogu Euroopa. Meie eksperdid oskavad n\u00f5ustada nii kohaliku kui piiri\u00fclese \u00e4ritegevusega seotud k\u00fcsimustes. V\u00f5tke \u00fchendust!\" \/>\n<meta property=\"og:url\" content=\"https:\/\/leinonen.eu\/est\/et\/kontakt\/\" \/>\n<meta property=\"og:site_name\" content=\"Leinonen Estonia\" \/>\n<meta property=\"article:modified_time\" content=\"2025-10-21T13:26:02+00:00\" \/>\n<meta property=\"og:image\" content=\"https:\/\/leinonen.eu\/app\/uploads\/sites\/11\/2022\/02\/contacts-hero-scaled.jpg\" \/>\n\t<meta property=\"og:image:width\" content=\"2560\" \/>\n\t<meta property=\"og:image:height\" content=\"567\" \/>\n\t<meta property=\"og:image:type\" content=\"image\/jpeg\" \/>\n<meta name=\"twitter:card\" content=\"summary_large_image\" \/>\n<meta name=\"twitter:site\" content=\"@leinonengroup\" \/>\n<meta name=\"twitter:label1\" content=\"Est. reading time\" \/>\n\t<meta name=\"twitter:data1\" content=\"1 minut\" \/>\n\t<meta name=\"twitter:label2\" content=\"Written by\" \/>\n\t<meta name=\"twitter:data2\" content=\"tenpixls\" \/>\n<script type=\"application\/ld+json\" class=\"yoast-schema-graph\">{\"@context\":\"https:\/\/schema.org\",\"@graph\":[{\"@type\":\"WebPage\",\"@id\":\"https:\/\/leinonen.eu\/est\/et\/kontakt\/\",\"url\":\"https:\/\/leinonen.eu\/est\/et\/kontakt\/\",\"name\":\"Kontakt | Leinoneni esindused | Leinonen Eesti\",\"isPartOf\":{\"@id\":\"https:\/\/leinonen.eu\/est\/et\/#website\"},\"primaryImageOfPage\":{\"@id\":\"https:\/\/leinonen.eu\/est\/et\/kontakt\/#primaryimage\"},\"image\":{\"@id\":\"https:\/\/leinonen.eu\/est\/et\/kontakt\/#primaryimage\"},\"thumbnailUrl\":\"https:\/\/leinonen.eu\/app\/uploads\/sites\/11\/2022\/02\/contacts-hero-scaled.jpg\",\"datePublished\":\"2022-01-06T13:52:43+00:00\",\"dateModified\":\"2025-10-21T13:26:02+00:00\",\"description\":\"Leinoneni esindused asuvad \u00fcle kogu Euroopa. Meie eksperdid oskavad n\u00f5ustada nii kohaliku kui piiri\u00fclese \u00e4ritegevusega seotud k\u00fcsimustes. V\u00f5tke \u00fchendust!\",\"breadcrumb\":{\"@id\":\"https:\/\/leinonen.eu\/est\/et\/kontakt\/#breadcrumb\"},\"inLanguage\":\"et\",\"potentialAction\":[{\"@type\":\"ReadAction\",\"target\":[\"https:\/\/leinonen.eu\/est\/et\/kontakt\/\"]}]},{\"@type\":\"ImageObject\",\"inLanguage\":\"et\",\"@id\":\"https:\/\/leinonen.eu\/est\/et\/kontakt\/#primaryimage\",\"url\":\"https:\/\/leinonen.eu\/app\/uploads\/sites\/11\/2022\/02\/contacts-hero-scaled.jpg\",\"contentUrl\":\"https:\/\/leinonen.eu\/app\/uploads\/sites\/11\/2022\/02\/contacts-hero-scaled.jpg\",\"width\":2560,\"height\":567},{\"@type\":\"BreadcrumbList\",\"@id\":\"https:\/\/leinonen.eu\/est\/et\/kontakt\/#breadcrumb\",\"itemListElement\":[{\"@type\":\"ListItem\",\"position\":1,\"name\":\"Home\",\"item\":\"https:\/\/leinonen.eu\/est\/et\/\"},{\"@type\":\"ListItem\",\"position\":2,\"name\":\"Kontaktid\"}]},{\"@type\":\"WebSite\",\"@id\":\"https:\/\/leinonen.eu\/est\/et\/#website\",\"url\":\"https:\/\/leinonen.eu\/est\/et\/\",\"name\":\"Leinonen Estonia\",\"description\":\"\",\"potentialAction\":[{\"@type\":\"SearchAction\",\"target\":{\"@type\":\"EntryPoint\",\"urlTemplate\":\"https:\/\/leinonen.eu\/est\/et\/?s={search_term_string}\"},\"query-input\":{\"@type\":\"PropertyValueSpecification\",\"valueRequired\":true,\"valueName\":\"search_term_string\"}}],\"inLanguage\":\"et\"}]}<\/script>\n<!-- \/ Yoast SEO plugin. -->","yoast_head_json":{"title":"Kontakt | Leinoneni esindused | Leinonen Eesti","description":"Leinoneni esindused asuvad \u00fcle kogu Euroopa. Meie eksperdid oskavad n\u00f5ustada nii kohaliku kui piiri\u00fclese \u00e4ritegevusega seotud k\u00fcsimustes. V\u00f5tke \u00fchendust!","robots":{"index":"index","follow":"follow","max-snippet":"max-snippet:-1","max-image-preview":"max-image-preview:large","max-video-preview":"max-video-preview:-1"},"canonical":"https:\/\/leinonen.eu\/est\/et\/kontakt\/","og_locale":"et_EE","og_type":"article","og_title":"Kontakt | Leinoneni esindused | Leinonen Eesti","og_description":"Leinoneni esindused asuvad \u00fcle kogu Euroopa. Meie eksperdid oskavad n\u00f5ustada nii kohaliku kui piiri\u00fclese \u00e4ritegevusega seotud k\u00fcsimustes. V\u00f5tke \u00fchendust!","og_url":"https:\/\/leinonen.eu\/est\/et\/kontakt\/","og_site_name":"Leinonen Estonia","article_modified_time":"2025-10-21T13:26:02+00:00","og_image":[{"width":2560,"height":567,"url":"https:\/\/leinonen.eu\/app\/uploads\/sites\/11\/2022\/02\/contacts-hero-scaled.jpg","type":"image\/jpeg"}],"twitter_card":"summary_large_image","twitter_site":"@leinonengroup","twitter_misc":{"Est. reading time":"1 minut","Written by":"tenpixls"},"schema":{"@context":"https:\/\/schema.org","@graph":[{"@type":"WebPage","@id":"https:\/\/leinonen.eu\/est\/et\/kontakt\/","url":"https:\/\/leinonen.eu\/est\/et\/kontakt\/","name":"Kontakt | Leinoneni esindused | Leinonen Eesti","isPartOf":{"@id":"https:\/\/leinonen.eu\/est\/et\/#website"},"primaryImageOfPage":{"@id":"https:\/\/leinonen.eu\/est\/et\/kontakt\/#primaryimage"},"image":{"@id":"https:\/\/leinonen.eu\/est\/et\/kontakt\/#primaryimage"},"thumbnailUrl":"https:\/\/leinonen.eu\/app\/uploads\/sites\/11\/2022\/02\/contacts-hero-scaled.jpg","datePublished":"2022-01-06T13:52:43+00:00","dateModified":"2025-10-21T13:26:02+00:00","description":"Leinoneni esindused asuvad \u00fcle kogu Euroopa. Meie eksperdid oskavad n\u00f5ustada nii kohaliku kui piiri\u00fclese \u00e4ritegevusega seotud k\u00fcsimustes. V\u00f5tke \u00fchendust!","breadcrumb":{"@id":"https:\/\/leinonen.eu\/est\/et\/kontakt\/#breadcrumb"},"inLanguage":"et","potentialAction":[{"@type":"ReadAction","target":["https:\/\/leinonen.eu\/est\/et\/kontakt\/"]}]},{"@type":"ImageObject","inLanguage":"et","@id":"https:\/\/leinonen.eu\/est\/et\/kontakt\/#primaryimage","url":"https:\/\/leinonen.eu\/app\/uploads\/sites\/11\/2022\/02\/contacts-hero-scaled.jpg","contentUrl":"https:\/\/leinonen.eu\/app\/uploads\/sites\/11\/2022\/02\/contacts-hero-scaled.jpg","width":2560,"height":567},{"@type":"BreadcrumbList","@id":"https:\/\/leinonen.eu\/est\/et\/kontakt\/#breadcrumb","itemListElement":[{"@type":"ListItem","position":1,"name":"Home","item":"https:\/\/leinonen.eu\/est\/et\/"},{"@type":"ListItem","position":2,"name":"Kontaktid"}]},{"@type":"WebSite","@id":"https:\/\/leinonen.eu\/est\/et\/#website","url":"https:\/\/leinonen.eu\/est\/et\/","name":"Leinonen Estonia","description":"","potentialAction":[{"@type":"SearchAction","target":{"@type":"EntryPoint","urlTemplate":"https:\/\/leinonen.eu\/est\/et\/?s={search_term_string}"},"query-input":{"@type":"PropertyValueSpecification","valueRequired":true,"valueName":"search_term_string"}}],"inLanguage":"et"}]}},"_links":{"self":[{"href":"https:\/\/leinonen.eu\/est\/et\/wp-json\/wp\/v2\/pages\/2202","targetHints":{"allow":["GET"]}}],"collection":[{"href":"https:\/\/leinonen.eu\/est\/et\/wp-json\/wp\/v2\/pages"}],"about":[{"href":"https:\/\/leinonen.eu\/est\/et\/wp-json\/wp\/v2\/types\/page"}],"author":[{"embeddable":true,"href":"https:\/\/leinonen.eu\/est\/et\/wp-json\/wp\/v2\/users\/1"}],"replies":[{"embeddable":true,"href":"https:\/\/leinonen.eu\/est\/et\/wp-json\/wp\/v2\/comments?post=2202"}],"version-history":[{"count":20,"href":"https:\/\/leinonen.eu\/est\/et\/wp-json\/wp\/v2\/pages\/2202\/revisions"}],"predecessor-version":[{"id":9394,"href":"https:\/\/leinonen.eu\/est\/et\/wp-json\/wp\/v2\/pages\/2202\/revisions\/9394"}],"wp:featuredmedia":[{"embeddable":true,"href":"https:\/\/leinonen.eu\/est\/et\/wp-json\/wp\/v2\/media\/2256"}],"wp:attachment":[{"href":"https:\/\/leinonen.eu\/est\/et\/wp-json\/wp\/v2\/media?parent=2202"}],"wp:term":[{"taxonomy":"author","embeddable":true,"href":"https:\/\/leinonen.eu\/est\/et\/wp-json\/wp\/v2\/coauthors?post=2202"}],"curies":[{"name":"wp","href":"https:\/\/api.w.org\/{rel}","templated":true}]}}