{"id":70,"date":"2022-01-05T14:21:01","date_gmt":"2022-01-05T14:21:01","guid":{"rendered":"https:\/\/leinonen.dev.tenpixls.com\/services\/"},"modified":"2026-01-20T11:58:33","modified_gmt":"2026-01-20T11:58:33","slug":"raamatupidamisteenused","status":"publish","type":"page","link":"https:\/\/leinonen.eu\/est\/et\/raamatupidamisteenused\/","title":{"rendered":"Teenused"},"content":{"rendered":"","protected":false},"excerpt":{"rendered":"","protected":false},"author":1,"featured_media":0,"parent":0,"menu_order":0,"comment_status":"closed","ping_status":"closed","template":"page-builder.php","meta":{"_acf_changed":false,"inline_featured_image":false,"footnotes":""},"coauthors":[73],"class_list":["post-70","page","type-page","status-publish","hentry"],"acf":[],"yoast_head":"<!-- This site is optimized with the Yoast SEO plugin v25.5 - https:\/\/yoast.com\/wordpress\/plugins\/seo\/ -->\n<title>Raamatupidamisteenused | \u00d5igusteenused | Leinonen Eesti<\/title>\n<meta name=\"description\" content=\"Professionaalsed raamatupidamisteenused ja \u00f5igusteenused. Pikaajaline kogemus nii kohalikul kui rahvusvahelisel turul. Telli raamatupidamisteenus meilt!\" \/>\n<meta name=\"robots\" content=\"index, follow, max-snippet:-1, max-image-preview:large, max-video-preview:-1\" \/>\n<link rel=\"canonical\" href=\"https:\/\/leinonen.eu\/est\/et\/raamatupidamisteenused\/\" \/>\n<meta property=\"og:locale\" content=\"et_EE\" \/>\n<meta property=\"og:type\" content=\"article\" \/>\n<meta property=\"og:title\" content=\"Teenused\" \/>\n<meta property=\"og:description\" content=\"Leinonen Eesti aitab v\u00e4lismaistel ettev\u00f5tjatel luua t\u00f5husalt tegutsev ettev\u00f5te. V\u00f5tke meiega \u00fchendust juba t\u00e4na!\" \/>\n<meta property=\"og:url\" content=\"https:\/\/leinonen.eu\/est\/et\/raamatupidamisteenused\/\" \/>\n<meta property=\"og:site_name\" content=\"Leinonen Estonia\" \/>\n<meta property=\"article:modified_time\" content=\"2026-01-20T11:58:33+00:00\" \/>\n<meta property=\"og:image\" content=\"https:\/\/leinonen.eu\/app\/uploads\/sites\/11\/2023\/01\/3-2.png\" \/>\n\t<meta property=\"og:image:width\" content=\"400\" \/>\n\t<meta property=\"og:image:height\" content=\"400\" \/>\n\t<meta property=\"og:image:type\" content=\"image\/png\" \/>\n<meta name=\"twitter:card\" content=\"summary_large_image\" \/>\n<meta name=\"twitter:site\" content=\"@leinonengroup\" \/>\n<meta name=\"twitter:label1\" content=\"Written by\" \/>\n\t<meta name=\"twitter:data1\" content=\"tenpixls\" \/>\n<script type=\"application\/ld+json\" class=\"yoast-schema-graph\">{\"@context\":\"https:\/\/schema.org\",\"@graph\":[{\"@type\":\"WebPage\",\"@id\":\"https:\/\/leinonen.eu\/est\/et\/raamatupidamisteenused\/\",\"url\":\"https:\/\/leinonen.eu\/est\/et\/raamatupidamisteenused\/\",\"name\":\"Raamatupidamisteenused | \u00d5igusteenused | Leinonen Eesti\",\"isPartOf\":{\"@id\":\"https:\/\/leinonen.eu\/est\/et\/#website\"},\"datePublished\":\"2022-01-05T14:21:01+00:00\",\"dateModified\":\"2026-01-20T11:58:33+00:00\",\"description\":\"Professionaalsed raamatupidamisteenused ja \u00f5igusteenused. Pikaajaline kogemus nii kohalikul kui rahvusvahelisel turul. Telli raamatupidamisteenus meilt!\",\"breadcrumb\":{\"@id\":\"https:\/\/leinonen.eu\/est\/et\/raamatupidamisteenused\/#breadcrumb\"},\"inLanguage\":\"et\",\"potentialAction\":[{\"@type\":\"ReadAction\",\"target\":[\"https:\/\/leinonen.eu\/est\/et\/raamatupidamisteenused\/\"]}]},{\"@type\":\"BreadcrumbList\",\"@id\":\"https:\/\/leinonen.eu\/est\/et\/raamatupidamisteenused\/#breadcrumb\",\"itemListElement\":[{\"@type\":\"ListItem\",\"position\":1,\"name\":\"Home\",\"item\":\"https:\/\/leinonen.eu\/est\/et\/\"},{\"@type\":\"ListItem\",\"position\":2,\"name\":\"Teenused\"}]},{\"@type\":\"WebSite\",\"@id\":\"https:\/\/leinonen.eu\/est\/et\/#website\",\"url\":\"https:\/\/leinonen.eu\/est\/et\/\",\"name\":\"Leinonen Estonia\",\"description\":\"\",\"potentialAction\":[{\"@type\":\"SearchAction\",\"target\":{\"@type\":\"EntryPoint\",\"urlTemplate\":\"https:\/\/leinonen.eu\/est\/et\/?s={search_term_string}\"},\"query-input\":{\"@type\":\"PropertyValueSpecification\",\"valueRequired\":true,\"valueName\":\"search_term_string\"}}],\"inLanguage\":\"et\"}]}<\/script>\n<!-- \/ Yoast SEO plugin. -->","yoast_head_json":{"title":"Raamatupidamisteenused | \u00d5igusteenused | Leinonen Eesti","description":"Professionaalsed raamatupidamisteenused ja \u00f5igusteenused. Pikaajaline kogemus nii kohalikul kui rahvusvahelisel turul. Telli raamatupidamisteenus meilt!","robots":{"index":"index","follow":"follow","max-snippet":"max-snippet:-1","max-image-preview":"max-image-preview:large","max-video-preview":"max-video-preview:-1"},"canonical":"https:\/\/leinonen.eu\/est\/et\/raamatupidamisteenused\/","og_locale":"et_EE","og_type":"article","og_title":"Teenused","og_description":"Leinonen Eesti aitab v\u00e4lismaistel ettev\u00f5tjatel luua t\u00f5husalt tegutsev ettev\u00f5te. V\u00f5tke meiega \u00fchendust juba t\u00e4na!","og_url":"https:\/\/leinonen.eu\/est\/et\/raamatupidamisteenused\/","og_site_name":"Leinonen Estonia","article_modified_time":"2026-01-20T11:58:33+00:00","og_image":[{"width":400,"height":400,"url":"https:\/\/leinonen.eu\/app\/uploads\/sites\/11\/2023\/01\/3-2.png","type":"image\/png"}],"twitter_card":"summary_large_image","twitter_site":"@leinonengroup","twitter_misc":{"Written by":"tenpixls"},"schema":{"@context":"https:\/\/schema.org","@graph":[{"@type":"WebPage","@id":"https:\/\/leinonen.eu\/est\/et\/raamatupidamisteenused\/","url":"https:\/\/leinonen.eu\/est\/et\/raamatupidamisteenused\/","name":"Raamatupidamisteenused | \u00d5igusteenused | Leinonen Eesti","isPartOf":{"@id":"https:\/\/leinonen.eu\/est\/et\/#website"},"datePublished":"2022-01-05T14:21:01+00:00","dateModified":"2026-01-20T11:58:33+00:00","description":"Professionaalsed raamatupidamisteenused ja \u00f5igusteenused. Pikaajaline kogemus nii kohalikul kui rahvusvahelisel turul. Telli raamatupidamisteenus meilt!","breadcrumb":{"@id":"https:\/\/leinonen.eu\/est\/et\/raamatupidamisteenused\/#breadcrumb"},"inLanguage":"et","potentialAction":[{"@type":"ReadAction","target":["https:\/\/leinonen.eu\/est\/et\/raamatupidamisteenused\/"]}]},{"@type":"BreadcrumbList","@id":"https:\/\/leinonen.eu\/est\/et\/raamatupidamisteenused\/#breadcrumb","itemListElement":[{"@type":"ListItem","position":1,"name":"Home","item":"https:\/\/leinonen.eu\/est\/et\/"},{"@type":"ListItem","position":2,"name":"Teenused"}]},{"@type":"WebSite","@id":"https:\/\/leinonen.eu\/est\/et\/#website","url":"https:\/\/leinonen.eu\/est\/et\/","name":"Leinonen Estonia","description":"","potentialAction":[{"@type":"SearchAction","target":{"@type":"EntryPoint","urlTemplate":"https:\/\/leinonen.eu\/est\/et\/?s={search_term_string}"},"query-input":{"@type":"PropertyValueSpecification","valueRequired":true,"valueName":"search_term_string"}}],"inLanguage":"et"}]}},"_links":{"self":[{"href":"https:\/\/leinonen.eu\/est\/et\/wp-json\/wp\/v2\/pages\/70","targetHints":{"allow":["GET"]}}],"collection":[{"href":"https:\/\/leinonen.eu\/est\/et\/wp-json\/wp\/v2\/pages"}],"about":[{"href":"https:\/\/leinonen.eu\/est\/et\/wp-json\/wp\/v2\/types\/page"}],"author":[{"embeddable":true,"href":"https:\/\/leinonen.eu\/est\/et\/wp-json\/wp\/v2\/users\/1"}],"replies":[{"embeddable":true,"href":"https:\/\/leinonen.eu\/est\/et\/wp-json\/wp\/v2\/comments?post=70"}],"version-history":[{"count":19,"href":"https:\/\/leinonen.eu\/est\/et\/wp-json\/wp\/v2\/pages\/70\/revisions"}],"predecessor-version":[{"id":9463,"href":"https:\/\/leinonen.eu\/est\/et\/wp-json\/wp\/v2\/pages\/70\/revisions\/9463"}],"wp:attachment":[{"href":"https:\/\/leinonen.eu\/est\/et\/wp-json\/wp\/v2\/media?parent=70"}],"wp:term":[{"taxonomy":"author","embeddable":true,"href":"https:\/\/leinonen.eu\/est\/et\/wp-json\/wp\/v2\/coauthors?post=70"}],"curies":[{"name":"wp","href":"https:\/\/api.w.org\/{rel}","templated":true}]}}