{"id":84,"date":"2022-01-05T13:37:28","date_gmt":"2022-01-05T13:37:28","guid":{"rendered":"https:\/\/leinonen.dev.tenpixls.com\/about\/"},"modified":"2026-03-24T14:55:57","modified_gmt":"2026-03-24T14:55:57","slug":"home","status":"publish","type":"page","link":"https:\/\/leinonen.eu\/est\/et\/","title":{"rendered":"Avaleht"},"content":{"rendered":"<p>Olge<\/p>\n","protected":false},"excerpt":{"rendered":"<p>Olge<\/p>\n","protected":false},"author":1,"featured_media":0,"parent":0,"menu_order":0,"comment_status":"closed","ping_status":"closed","template":"page-builder.php","meta":{"_acf_changed":false,"inline_featured_image":false,"footnotes":""},"coauthors":[73],"class_list":["post-84","page","type-page","status-publish","hentry"],"acf":[],"yoast_head":"<!-- This site is optimized with the Yoast SEO plugin v25.5 - https:\/\/yoast.com\/wordpress\/plugins\/seo\/ -->\n<title>Leinonen Eesti | Rahvusvaheline raamatupidamisb\u00fcroo<\/title>\n<meta name=\"description\" content=\"Leinonen on rahvusvahelise kogemusega raamatupidamisb\u00fcroo. Professionaalne finantsn\u00f5ustamine nii kohalikus kui piiri\u00fcleses ettev\u00f5tluses. V\u00f5tke \u00fchendust!\" \/>\n<meta name=\"robots\" content=\"index, follow, max-snippet:-1, max-image-preview:large, max-video-preview:-1\" \/>\n<link rel=\"canonical\" href=\"https:\/\/leinonen.eu\/est\/et\/\" \/>\n<meta property=\"og:locale\" content=\"et_EE\" \/>\n<meta property=\"og:type\" content=\"article\" \/>\n<meta property=\"og:title\" content=\"Leinonen Eesti\" \/>\n<meta property=\"og:description\" content=\"Leinonen aitab ettev\u00f5ttel Eesti turule siseneda, pakkudes mitmeid teenuseid, sealhulgas raamatupidamis- ja palgaarvestusteenust.\" \/>\n<meta property=\"og:url\" content=\"https:\/\/leinonen.eu\/est\/et\/\" \/>\n<meta property=\"og:site_name\" content=\"Leinonen Estonia\" \/>\n<meta property=\"article:modified_time\" content=\"2026-03-24T14:55:57+00:00\" \/>\n<meta property=\"og:image\" content=\"https:\/\/leinonen.eu\/app\/uploads\/sites\/11\/2023\/01\/Estonia-Home-1.jpg\" \/>\n\t<meta property=\"og:image:width\" content=\"1706\" \/>\n\t<meta property=\"og:image:height\" content=\"1400\" \/>\n\t<meta property=\"og:image:type\" content=\"image\/jpeg\" \/>\n<meta name=\"twitter:card\" content=\"summary_large_image\" \/>\n<meta name=\"twitter:site\" content=\"@leinonengroup\" \/>\n<meta name=\"twitter:label1\" content=\"Est. reading time\" \/>\n\t<meta name=\"twitter:data1\" content=\"1 minut\" \/>\n\t<meta name=\"twitter:label2\" content=\"Written by\" \/>\n\t<meta name=\"twitter:data2\" content=\"tenpixls\" \/>\n<script type=\"application\/ld+json\" class=\"yoast-schema-graph\">{\"@context\":\"https:\/\/schema.org\",\"@graph\":[{\"@type\":\"WebPage\",\"@id\":\"https:\/\/leinonen.eu\/est\/et\/\",\"url\":\"https:\/\/leinonen.eu\/est\/et\/\",\"name\":\"Leinonen Eesti | Rahvusvaheline raamatupidamisb\u00fcroo\",\"isPartOf\":{\"@id\":\"https:\/\/leinonen.eu\/est\/et\/#website\"},\"datePublished\":\"2022-01-05T13:37:28+00:00\",\"dateModified\":\"2026-03-24T14:55:57+00:00\",\"description\":\"Leinonen on rahvusvahelise kogemusega raamatupidamisb\u00fcroo. Professionaalne finantsn\u00f5ustamine nii kohalikus kui piiri\u00fcleses ettev\u00f5tluses. V\u00f5tke \u00fchendust!\",\"breadcrumb\":{\"@id\":\"https:\/\/leinonen.eu\/est\/et\/#breadcrumb\"},\"inLanguage\":\"et\",\"potentialAction\":[{\"@type\":\"ReadAction\",\"target\":[\"https:\/\/leinonen.eu\/est\/et\/\"]}]},{\"@type\":\"BreadcrumbList\",\"@id\":\"https:\/\/leinonen.eu\/est\/et\/#breadcrumb\",\"itemListElement\":[{\"@type\":\"ListItem\",\"position\":1,\"name\":\"Home\",\"item\":\"https:\/\/leinonen.eu\/est\/et\/\"},{\"@type\":\"ListItem\",\"position\":2,\"name\":\"Avaleht\"}]},{\"@type\":\"WebSite\",\"@id\":\"https:\/\/leinonen.eu\/est\/et\/#website\",\"url\":\"https:\/\/leinonen.eu\/est\/et\/\",\"name\":\"Leinonen Estonia\",\"description\":\"\",\"potentialAction\":[{\"@type\":\"SearchAction\",\"target\":{\"@type\":\"EntryPoint\",\"urlTemplate\":\"https:\/\/leinonen.eu\/est\/et\/?s={search_term_string}\"},\"query-input\":{\"@type\":\"PropertyValueSpecification\",\"valueRequired\":true,\"valueName\":\"search_term_string\"}}],\"inLanguage\":\"et\"}]}<\/script>\n<!-- \/ Yoast SEO plugin. -->","yoast_head_json":{"title":"Leinonen Eesti | Rahvusvaheline raamatupidamisb\u00fcroo","description":"Leinonen on rahvusvahelise kogemusega raamatupidamisb\u00fcroo. Professionaalne finantsn\u00f5ustamine nii kohalikus kui piiri\u00fcleses ettev\u00f5tluses. V\u00f5tke \u00fchendust!","robots":{"index":"index","follow":"follow","max-snippet":"max-snippet:-1","max-image-preview":"max-image-preview:large","max-video-preview":"max-video-preview:-1"},"canonical":"https:\/\/leinonen.eu\/est\/et\/","og_locale":"et_EE","og_type":"article","og_title":"Leinonen Eesti","og_description":"Leinonen aitab ettev\u00f5ttel Eesti turule siseneda, pakkudes mitmeid teenuseid, sealhulgas raamatupidamis- ja palgaarvestusteenust.","og_url":"https:\/\/leinonen.eu\/est\/et\/","og_site_name":"Leinonen Estonia","article_modified_time":"2026-03-24T14:55:57+00:00","og_image":[{"width":1706,"height":1400,"url":"https:\/\/leinonen.eu\/app\/uploads\/sites\/11\/2023\/01\/Estonia-Home-1.jpg","type":"image\/jpeg"}],"twitter_card":"summary_large_image","twitter_site":"@leinonengroup","twitter_misc":{"Est. reading time":"1 minut","Written by":"tenpixls"},"schema":{"@context":"https:\/\/schema.org","@graph":[{"@type":"WebPage","@id":"https:\/\/leinonen.eu\/est\/et\/","url":"https:\/\/leinonen.eu\/est\/et\/","name":"Leinonen Eesti | Rahvusvaheline raamatupidamisb\u00fcroo","isPartOf":{"@id":"https:\/\/leinonen.eu\/est\/et\/#website"},"datePublished":"2022-01-05T13:37:28+00:00","dateModified":"2026-03-24T14:55:57+00:00","description":"Leinonen on rahvusvahelise kogemusega raamatupidamisb\u00fcroo. Professionaalne finantsn\u00f5ustamine nii kohalikus kui piiri\u00fcleses ettev\u00f5tluses. V\u00f5tke \u00fchendust!","breadcrumb":{"@id":"https:\/\/leinonen.eu\/est\/et\/#breadcrumb"},"inLanguage":"et","potentialAction":[{"@type":"ReadAction","target":["https:\/\/leinonen.eu\/est\/et\/"]}]},{"@type":"BreadcrumbList","@id":"https:\/\/leinonen.eu\/est\/et\/#breadcrumb","itemListElement":[{"@type":"ListItem","position":1,"name":"Home","item":"https:\/\/leinonen.eu\/est\/et\/"},{"@type":"ListItem","position":2,"name":"Avaleht"}]},{"@type":"WebSite","@id":"https:\/\/leinonen.eu\/est\/et\/#website","url":"https:\/\/leinonen.eu\/est\/et\/","name":"Leinonen Estonia","description":"","potentialAction":[{"@type":"SearchAction","target":{"@type":"EntryPoint","urlTemplate":"https:\/\/leinonen.eu\/est\/et\/?s={search_term_string}"},"query-input":{"@type":"PropertyValueSpecification","valueRequired":true,"valueName":"search_term_string"}}],"inLanguage":"et"}]}},"_links":{"self":[{"href":"https:\/\/leinonen.eu\/est\/et\/wp-json\/wp\/v2\/pages\/84","targetHints":{"allow":["GET"]}}],"collection":[{"href":"https:\/\/leinonen.eu\/est\/et\/wp-json\/wp\/v2\/pages"}],"about":[{"href":"https:\/\/leinonen.eu\/est\/et\/wp-json\/wp\/v2\/types\/page"}],"author":[{"embeddable":true,"href":"https:\/\/leinonen.eu\/est\/et\/wp-json\/wp\/v2\/users\/1"}],"replies":[{"embeddable":true,"href":"https:\/\/leinonen.eu\/est\/et\/wp-json\/wp\/v2\/comments?post=84"}],"version-history":[{"count":50,"href":"https:\/\/leinonen.eu\/est\/et\/wp-json\/wp\/v2\/pages\/84\/revisions"}],"predecessor-version":[{"id":9516,"href":"https:\/\/leinonen.eu\/est\/et\/wp-json\/wp\/v2\/pages\/84\/revisions\/9516"}],"wp:attachment":[{"href":"https:\/\/leinonen.eu\/est\/et\/wp-json\/wp\/v2\/media?parent=84"}],"wp:term":[{"taxonomy":"author","embeddable":true,"href":"https:\/\/leinonen.eu\/est\/et\/wp-json\/wp\/v2\/coauthors?post=84"}],"curies":[{"name":"wp","href":"https:\/\/api.w.org\/{rel}","templated":true}]}}