{"id":2266,"date":"2022-02-06T11:48:04","date_gmt":"2022-02-06T11:48:04","guid":{"rendered":"https:\/\/leinonen.dev.tenpixls.com\/about\/"},"modified":"2026-03-24T15:10:33","modified_gmt":"2026-03-24T15:10:33","slug":"about","status":"publish","type":"page","link":"https:\/\/leinonen.eu\/fin\/fi\/about\/","title":{"rendered":"Meist\u00e4"},"content":{"rendered":"<p>&nbsp;<\/p>\n<p>&nbsp;<\/p>\n","protected":false},"excerpt":{"rendered":"<p>&nbsp; &nbsp;<\/p>\n","protected":false},"author":1,"featured_media":0,"parent":0,"menu_order":0,"comment_status":"closed","ping_status":"closed","template":"page-builder.php","meta":{"_acf_changed":false,"inline_featured_image":false,"footnotes":""},"coauthors":[73],"class_list":["post-2266","page","type-page","status-publish","hentry"],"acf":[],"yoast_head":"<!-- This site is optimized with the Yoast SEO plugin v25.5 - https:\/\/yoast.com\/wordpress\/plugins\/seo\/ -->\n<title>Tietoja meist\u00e4 | Leinonen Suomi | Leinonen<\/title>\n<meta name=\"description\" content=\"Me Leinosella olemme sitoutuneet tarjoamaan asiakkaillemme ulkoistusratkaisuja, joiden avulla he voivat v\u00e4ltt\u00e4\u00e4 rajat ylitt\u00e4v\u00e4n liiketoiminnan ongelmat.\" \/>\n<meta name=\"robots\" content=\"index, follow, max-snippet:-1, max-image-preview:large, max-video-preview:-1\" \/>\n<link rel=\"canonical\" href=\"https:\/\/leinonen.eu\/fin\/fi\/about\/\" \/>\n<meta property=\"og:locale\" content=\"fi_FI\" \/>\n<meta property=\"og:type\" content=\"article\" \/>\n<meta property=\"og:title\" content=\"Tietoja meist\u00e4 | Leinonen Suomi | Leinonen\" \/>\n<meta property=\"og:description\" content=\"Me Leinosella olemme sitoutuneet tarjoamaan asiakkaillemme ulkoistusratkaisuja, joiden avulla he voivat v\u00e4ltt\u00e4\u00e4 rajat ylitt\u00e4v\u00e4n liiketoiminnan ongelmat.\" \/>\n<meta property=\"og:url\" content=\"https:\/\/leinonen.eu\/fin\/fi\/about\/\" \/>\n<meta property=\"og:site_name\" content=\"Leinonen Finland\" \/>\n<meta property=\"article:modified_time\" content=\"2026-03-24T15:10:33+00:00\" \/>\n<meta name=\"twitter:card\" content=\"summary_large_image\" \/>\n<meta name=\"twitter:site\" content=\"@leinonengroup\" \/>\n<meta name=\"twitter:label1\" content=\"Written by\" \/>\n\t<meta name=\"twitter:data1\" content=\"tenpixls\" \/>\n<script type=\"application\/ld+json\" class=\"yoast-schema-graph\">{\"@context\":\"https:\/\/schema.org\",\"@graph\":[{\"@type\":\"WebPage\",\"@id\":\"https:\/\/leinonen.eu\/fin\/fi\/about\/\",\"url\":\"https:\/\/leinonen.eu\/fin\/fi\/about\/\",\"name\":\"Tietoja meist\u00e4 | Leinonen Suomi | Leinonen\",\"isPartOf\":{\"@id\":\"https:\/\/leinonen.eu\/fin\/fi\/#website\"},\"datePublished\":\"2022-02-06T11:48:04+00:00\",\"dateModified\":\"2026-03-24T15:10:33+00:00\",\"description\":\"Me Leinosella olemme sitoutuneet tarjoamaan asiakkaillemme ulkoistusratkaisuja, joiden avulla he voivat v\u00e4ltt\u00e4\u00e4 rajat ylitt\u00e4v\u00e4n liiketoiminnan ongelmat.\",\"breadcrumb\":{\"@id\":\"https:\/\/leinonen.eu\/fin\/fi\/about\/#breadcrumb\"},\"inLanguage\":\"fi\",\"potentialAction\":[{\"@type\":\"ReadAction\",\"target\":[\"https:\/\/leinonen.eu\/fin\/fi\/about\/\"]}]},{\"@type\":\"BreadcrumbList\",\"@id\":\"https:\/\/leinonen.eu\/fin\/fi\/about\/#breadcrumb\",\"itemListElement\":[{\"@type\":\"ListItem\",\"position\":1,\"name\":\"Home\",\"item\":\"https:\/\/leinonen.eu\/fin\/fi\/\"},{\"@type\":\"ListItem\",\"position\":2,\"name\":\"Meist\u00e4\"}]},{\"@type\":\"WebSite\",\"@id\":\"https:\/\/leinonen.eu\/fin\/fi\/#website\",\"url\":\"https:\/\/leinonen.eu\/fin\/fi\/\",\"name\":\"Leinonen Finland\",\"description\":\"\",\"potentialAction\":[{\"@type\":\"SearchAction\",\"target\":{\"@type\":\"EntryPoint\",\"urlTemplate\":\"https:\/\/leinonen.eu\/fin\/fi\/?s={search_term_string}\"},\"query-input\":{\"@type\":\"PropertyValueSpecification\",\"valueRequired\":true,\"valueName\":\"search_term_string\"}}],\"inLanguage\":\"fi\"}]}<\/script>\n<!-- \/ Yoast SEO plugin. -->","yoast_head_json":{"title":"Tietoja meist\u00e4 | Leinonen Suomi | Leinonen","description":"Me Leinosella olemme sitoutuneet tarjoamaan asiakkaillemme ulkoistusratkaisuja, joiden avulla he voivat v\u00e4ltt\u00e4\u00e4 rajat ylitt\u00e4v\u00e4n liiketoiminnan ongelmat.","robots":{"index":"index","follow":"follow","max-snippet":"max-snippet:-1","max-image-preview":"max-image-preview:large","max-video-preview":"max-video-preview:-1"},"canonical":"https:\/\/leinonen.eu\/fin\/fi\/about\/","og_locale":"fi_FI","og_type":"article","og_title":"Tietoja meist\u00e4 | Leinonen Suomi | Leinonen","og_description":"Me Leinosella olemme sitoutuneet tarjoamaan asiakkaillemme ulkoistusratkaisuja, joiden avulla he voivat v\u00e4ltt\u00e4\u00e4 rajat ylitt\u00e4v\u00e4n liiketoiminnan ongelmat.","og_url":"https:\/\/leinonen.eu\/fin\/fi\/about\/","og_site_name":"Leinonen Finland","article_modified_time":"2026-03-24T15:10:33+00:00","twitter_card":"summary_large_image","twitter_site":"@leinonengroup","twitter_misc":{"Written by":"tenpixls"},"schema":{"@context":"https:\/\/schema.org","@graph":[{"@type":"WebPage","@id":"https:\/\/leinonen.eu\/fin\/fi\/about\/","url":"https:\/\/leinonen.eu\/fin\/fi\/about\/","name":"Tietoja meist\u00e4 | Leinonen Suomi | Leinonen","isPartOf":{"@id":"https:\/\/leinonen.eu\/fin\/fi\/#website"},"datePublished":"2022-02-06T11:48:04+00:00","dateModified":"2026-03-24T15:10:33+00:00","description":"Me Leinosella olemme sitoutuneet tarjoamaan asiakkaillemme ulkoistusratkaisuja, joiden avulla he voivat v\u00e4ltt\u00e4\u00e4 rajat ylitt\u00e4v\u00e4n liiketoiminnan ongelmat.","breadcrumb":{"@id":"https:\/\/leinonen.eu\/fin\/fi\/about\/#breadcrumb"},"inLanguage":"fi","potentialAction":[{"@type":"ReadAction","target":["https:\/\/leinonen.eu\/fin\/fi\/about\/"]}]},{"@type":"BreadcrumbList","@id":"https:\/\/leinonen.eu\/fin\/fi\/about\/#breadcrumb","itemListElement":[{"@type":"ListItem","position":1,"name":"Home","item":"https:\/\/leinonen.eu\/fin\/fi\/"},{"@type":"ListItem","position":2,"name":"Meist\u00e4"}]},{"@type":"WebSite","@id":"https:\/\/leinonen.eu\/fin\/fi\/#website","url":"https:\/\/leinonen.eu\/fin\/fi\/","name":"Leinonen Finland","description":"","potentialAction":[{"@type":"SearchAction","target":{"@type":"EntryPoint","urlTemplate":"https:\/\/leinonen.eu\/fin\/fi\/?s={search_term_string}"},"query-input":{"@type":"PropertyValueSpecification","valueRequired":true,"valueName":"search_term_string"}}],"inLanguage":"fi"}]}},"_links":{"self":[{"href":"https:\/\/leinonen.eu\/fin\/fi\/wp-json\/wp\/v2\/pages\/2266","targetHints":{"allow":["GET"]}}],"collection":[{"href":"https:\/\/leinonen.eu\/fin\/fi\/wp-json\/wp\/v2\/pages"}],"about":[{"href":"https:\/\/leinonen.eu\/fin\/fi\/wp-json\/wp\/v2\/types\/page"}],"author":[{"embeddable":true,"href":"https:\/\/leinonen.eu\/fin\/fi\/wp-json\/wp\/v2\/users\/1"}],"replies":[{"embeddable":true,"href":"https:\/\/leinonen.eu\/fin\/fi\/wp-json\/wp\/v2\/comments?post=2266"}],"version-history":[{"count":14,"href":"https:\/\/leinonen.eu\/fin\/fi\/wp-json\/wp\/v2\/pages\/2266\/revisions"}],"predecessor-version":[{"id":4510,"href":"https:\/\/leinonen.eu\/fin\/fi\/wp-json\/wp\/v2\/pages\/2266\/revisions\/4510"}],"wp:attachment":[{"href":"https:\/\/leinonen.eu\/fin\/fi\/wp-json\/wp\/v2\/media?parent=2266"}],"wp:term":[{"taxonomy":"author","embeddable":true,"href":"https:\/\/leinonen.eu\/fin\/fi\/wp-json\/wp\/v2\/coauthors?post=2266"}],"curies":[{"name":"wp","href":"https:\/\/api.w.org\/{rel}","templated":true}]}}