{"id":2268,"date":"2022-02-06T11:48:04","date_gmt":"2022-02-06T11:48:04","guid":{"rendered":"https:\/\/leinonen.dev.tenpixls.com\/about\/"},"modified":"2026-03-24T15:43:04","modified_gmt":"2026-03-24T15:43:04","slug":"apie-mus","status":"publish","type":"page","link":"https:\/\/leinonen.eu\/ltu\/lt\/apie-mus\/","title":{"rendered":"Apie Mus"},"content":{"rendered":"","protected":false},"excerpt":{"rendered":"","protected":false},"author":1,"featured_media":0,"parent":0,"menu_order":0,"comment_status":"closed","ping_status":"closed","template":"page-builder.php","meta":{"_acf_changed":false,"inline_featured_image":false,"footnotes":""},"coauthors":[73],"class_list":["post-2268","page","type-page","status-publish","hentry"],"acf":[],"yoast_head":"<!-- This site is optimized with the Yoast SEO plugin v25.5 - https:\/\/yoast.com\/wordpress\/plugins\/seo\/ -->\n<title>Apie mus | Leinonen Lietuva<\/title>\n<meta name=\"description\" content=\"Kvalifikuota Leinonen Lietuva komanda si\u016blo profesionali\u0105 pagalb\u0105 apskaitos, darbo u\u017emokes\u010dio skai\u010diavimo ir kitais verslo veiklos klausimais. Susisiekite!\" \/>\n<meta name=\"robots\" content=\"index, follow, max-snippet:-1, max-image-preview:large, max-video-preview:-1\" \/>\n<link rel=\"canonical\" href=\"https:\/\/leinonen.eu\/ltu\/lt\/apie-mus\/\" \/>\n<meta property=\"og:locale\" content=\"lt_LT\" \/>\n<meta property=\"og:type\" content=\"article\" \/>\n<meta property=\"og:title\" content=\"Apie mus | Leinonen Lietuva\" \/>\n<meta property=\"og:description\" content=\"Kvalifikuota Leinonen Lietuva komanda si\u016blo profesionali\u0105 pagalb\u0105 apskaitos, darbo u\u017emokes\u010dio skai\u010diavimo ir kitais verslo veiklos klausimais. Susisiekite!\" \/>\n<meta property=\"og:url\" content=\"https:\/\/leinonen.eu\/ltu\/lt\/apie-mus\/\" \/>\n<meta property=\"og:site_name\" content=\"Leinonen Lithuania\" \/>\n<meta property=\"article:modified_time\" content=\"2026-03-24T15:43:04+00:00\" \/>\n<meta name=\"twitter:card\" content=\"summary_large_image\" \/>\n<meta name=\"twitter:site\" content=\"@leinonengroup\" \/>\n<meta name=\"twitter:label1\" content=\"Written by\" \/>\n\t<meta name=\"twitter:data1\" content=\"tenpixls\" \/>\n<script type=\"application\/ld+json\" class=\"yoast-schema-graph\">{\"@context\":\"https:\/\/schema.org\",\"@graph\":[{\"@type\":\"WebPage\",\"@id\":\"https:\/\/leinonen.eu\/ltu\/lt\/apie-mus\/\",\"url\":\"https:\/\/leinonen.eu\/ltu\/lt\/apie-mus\/\",\"name\":\"Apie mus | Leinonen Lietuva\",\"isPartOf\":{\"@id\":\"https:\/\/leinonen.eu\/ltu\/lt\/#website\"},\"datePublished\":\"2022-02-06T11:48:04+00:00\",\"dateModified\":\"2026-03-24T15:43:04+00:00\",\"description\":\"Kvalifikuota Leinonen Lietuva komanda si\u016blo profesionali\u0105 pagalb\u0105 apskaitos, darbo u\u017emokes\u010dio skai\u010diavimo ir kitais verslo veiklos klausimais. Susisiekite!\",\"breadcrumb\":{\"@id\":\"https:\/\/leinonen.eu\/ltu\/lt\/apie-mus\/#breadcrumb\"},\"inLanguage\":\"lt-LT\",\"potentialAction\":[{\"@type\":\"ReadAction\",\"target\":[\"https:\/\/leinonen.eu\/ltu\/lt\/apie-mus\/\"]}]},{\"@type\":\"BreadcrumbList\",\"@id\":\"https:\/\/leinonen.eu\/ltu\/lt\/apie-mus\/#breadcrumb\",\"itemListElement\":[{\"@type\":\"ListItem\",\"position\":1,\"name\":\"Home\",\"item\":\"https:\/\/leinonen.eu\/ltu\/lt\/home\/\"},{\"@type\":\"ListItem\",\"position\":2,\"name\":\"Apie Mus\"}]},{\"@type\":\"WebSite\",\"@id\":\"https:\/\/leinonen.eu\/ltu\/lt\/#website\",\"url\":\"https:\/\/leinonen.eu\/ltu\/lt\/\",\"name\":\"Leinonen Lithuania\",\"description\":\"\",\"potentialAction\":[{\"@type\":\"SearchAction\",\"target\":{\"@type\":\"EntryPoint\",\"urlTemplate\":\"https:\/\/leinonen.eu\/ltu\/lt\/?s={search_term_string}\"},\"query-input\":{\"@type\":\"PropertyValueSpecification\",\"valueRequired\":true,\"valueName\":\"search_term_string\"}}],\"inLanguage\":\"lt-LT\"}]}<\/script>\n<!-- \/ Yoast SEO plugin. -->","yoast_head_json":{"title":"Apie mus | Leinonen Lietuva","description":"Kvalifikuota Leinonen Lietuva komanda si\u016blo profesionali\u0105 pagalb\u0105 apskaitos, darbo u\u017emokes\u010dio skai\u010diavimo ir kitais verslo veiklos klausimais. Susisiekite!","robots":{"index":"index","follow":"follow","max-snippet":"max-snippet:-1","max-image-preview":"max-image-preview:large","max-video-preview":"max-video-preview:-1"},"canonical":"https:\/\/leinonen.eu\/ltu\/lt\/apie-mus\/","og_locale":"lt_LT","og_type":"article","og_title":"Apie mus | Leinonen Lietuva","og_description":"Kvalifikuota Leinonen Lietuva komanda si\u016blo profesionali\u0105 pagalb\u0105 apskaitos, darbo u\u017emokes\u010dio skai\u010diavimo ir kitais verslo veiklos klausimais. Susisiekite!","og_url":"https:\/\/leinonen.eu\/ltu\/lt\/apie-mus\/","og_site_name":"Leinonen Lithuania","article_modified_time":"2026-03-24T15:43:04+00:00","twitter_card":"summary_large_image","twitter_site":"@leinonengroup","twitter_misc":{"Written by":"tenpixls"},"schema":{"@context":"https:\/\/schema.org","@graph":[{"@type":"WebPage","@id":"https:\/\/leinonen.eu\/ltu\/lt\/apie-mus\/","url":"https:\/\/leinonen.eu\/ltu\/lt\/apie-mus\/","name":"Apie mus | Leinonen Lietuva","isPartOf":{"@id":"https:\/\/leinonen.eu\/ltu\/lt\/#website"},"datePublished":"2022-02-06T11:48:04+00:00","dateModified":"2026-03-24T15:43:04+00:00","description":"Kvalifikuota Leinonen Lietuva komanda si\u016blo profesionali\u0105 pagalb\u0105 apskaitos, darbo u\u017emokes\u010dio skai\u010diavimo ir kitais verslo veiklos klausimais. Susisiekite!","breadcrumb":{"@id":"https:\/\/leinonen.eu\/ltu\/lt\/apie-mus\/#breadcrumb"},"inLanguage":"lt-LT","potentialAction":[{"@type":"ReadAction","target":["https:\/\/leinonen.eu\/ltu\/lt\/apie-mus\/"]}]},{"@type":"BreadcrumbList","@id":"https:\/\/leinonen.eu\/ltu\/lt\/apie-mus\/#breadcrumb","itemListElement":[{"@type":"ListItem","position":1,"name":"Home","item":"https:\/\/leinonen.eu\/ltu\/lt\/home\/"},{"@type":"ListItem","position":2,"name":"Apie Mus"}]},{"@type":"WebSite","@id":"https:\/\/leinonen.eu\/ltu\/lt\/#website","url":"https:\/\/leinonen.eu\/ltu\/lt\/","name":"Leinonen Lithuania","description":"","potentialAction":[{"@type":"SearchAction","target":{"@type":"EntryPoint","urlTemplate":"https:\/\/leinonen.eu\/ltu\/lt\/?s={search_term_string}"},"query-input":{"@type":"PropertyValueSpecification","valueRequired":true,"valueName":"search_term_string"}}],"inLanguage":"lt-LT"}]}},"_links":{"self":[{"href":"https:\/\/leinonen.eu\/ltu\/lt\/wp-json\/wp\/v2\/pages\/2268","targetHints":{"allow":["GET"]}}],"collection":[{"href":"https:\/\/leinonen.eu\/ltu\/lt\/wp-json\/wp\/v2\/pages"}],"about":[{"href":"https:\/\/leinonen.eu\/ltu\/lt\/wp-json\/wp\/v2\/types\/page"}],"author":[{"embeddable":true,"href":"https:\/\/leinonen.eu\/ltu\/lt\/wp-json\/wp\/v2\/users\/1"}],"replies":[{"embeddable":true,"href":"https:\/\/leinonen.eu\/ltu\/lt\/wp-json\/wp\/v2\/comments?post=2268"}],"version-history":[{"count":19,"href":"https:\/\/leinonen.eu\/ltu\/lt\/wp-json\/wp\/v2\/pages\/2268\/revisions"}],"predecessor-version":[{"id":6090,"href":"https:\/\/leinonen.eu\/ltu\/lt\/wp-json\/wp\/v2\/pages\/2268\/revisions\/6090"}],"wp:attachment":[{"href":"https:\/\/leinonen.eu\/ltu\/lt\/wp-json\/wp\/v2\/media?parent=2268"}],"wp:term":[{"taxonomy":"author","embeddable":true,"href":"https:\/\/leinonen.eu\/ltu\/lt\/wp-json\/wp\/v2\/coauthors?post=2268"}],"curies":[{"name":"wp","href":"https:\/\/api.w.org\/{rel}","templated":true}]}}