{"id":2204,"date":"2022-01-06T13:52:43","date_gmt":"2022-01-06T13:52:43","guid":{"rendered":"https:\/\/leinonen.dev.tenpixls.com\/contacts\/"},"modified":"2025-12-16T12:49:19","modified_gmt":"2025-12-16T12:49:19","slug":"kontakti","status":"publish","type":"page","link":"https:\/\/leinonen.eu\/lva\/lv\/kontakti\/","title":{"rendered":"Kontakti"},"content":{"rendered":"","protected":false},"excerpt":{"rendered":"","protected":false},"author":1,"featured_media":2258,"parent":0,"menu_order":0,"comment_status":"closed","ping_status":"closed","template":"page-builder.php","meta":{"_acf_changed":false,"inline_featured_image":false,"footnotes":""},"coauthors":[73],"class_list":["post-2204","page","type-page","status-publish","has-post-thumbnail","hentry"],"acf":[],"yoast_head":"<!-- This site is optimized with the Yoast SEO plugin v25.5 - https:\/\/yoast.com\/wordpress\/plugins\/seo\/ -->\n<title>Kontakti | Leinonen biroji | Leinonen Latvija<\/title>\n<meta name=\"description\" content=\"Leinonen biroji atrodas vis\u0101 Eirop\u0101. M\u016bsu eksperti var konsult\u0113t jaut\u0101jumos, kas saist\u012bti gan ar viet\u0113jo, gan p\u0101rrobe\u017eu uz\u0146\u0113m\u0113jdarb\u012bbu. Sazinieties ar mums!\" \/>\n<meta name=\"robots\" content=\"index, follow, max-snippet:-1, max-image-preview:large, max-video-preview:-1\" \/>\n<link rel=\"canonical\" href=\"https:\/\/leinonen.eu\/lva\/lv\/kontakti\/\" \/>\n<meta property=\"og:locale\" content=\"lv_LV\" \/>\n<meta property=\"og:type\" content=\"article\" \/>\n<meta property=\"og:title\" content=\"Kontakti | Leinonen biroji | Leinonen Latvija\" \/>\n<meta property=\"og:description\" content=\"Leinonen biroji atrodas vis\u0101 Eirop\u0101. M\u016bsu eksperti var konsult\u0113t jaut\u0101jumos, kas saist\u012bti gan ar viet\u0113jo, gan p\u0101rrobe\u017eu uz\u0146\u0113m\u0113jdarb\u012bbu. Sazinieties ar mums!\" \/>\n<meta property=\"og:url\" content=\"https:\/\/leinonen.eu\/lva\/lv\/kontakti\/\" \/>\n<meta property=\"og:site_name\" content=\"Leinonen Latvia\" \/>\n<meta property=\"article:modified_time\" content=\"2025-12-16T12:49:19+00:00\" \/>\n<meta property=\"og:image\" content=\"https:\/\/leinonen.eu\/app\/uploads\/sites\/14\/2022\/02\/contacts-hero-scaled.jpg\" \/>\n\t<meta property=\"og:image:width\" content=\"2560\" \/>\n\t<meta property=\"og:image:height\" content=\"567\" \/>\n\t<meta property=\"og:image:type\" content=\"image\/jpeg\" \/>\n<meta name=\"twitter:card\" content=\"summary_large_image\" \/>\n<meta name=\"twitter:site\" content=\"@leinonengroup\" \/>\n<meta name=\"twitter:label1\" content=\"Est. reading time\" \/>\n\t<meta name=\"twitter:data1\" content=\"1 minute\" \/>\n\t<meta name=\"twitter:label2\" content=\"Written by\" \/>\n\t<meta name=\"twitter:data2\" content=\"tenpixls\" \/>\n<script type=\"application\/ld+json\" class=\"yoast-schema-graph\">{\"@context\":\"https:\/\/schema.org\",\"@graph\":[{\"@type\":\"WebPage\",\"@id\":\"https:\/\/leinonen.eu\/lva\/lv\/kontakti\/\",\"url\":\"https:\/\/leinonen.eu\/lva\/lv\/kontakti\/\",\"name\":\"Kontakti | Leinonen biroji | Leinonen Latvija\",\"isPartOf\":{\"@id\":\"https:\/\/leinonen.eu\/lva\/lv\/#website\"},\"primaryImageOfPage\":{\"@id\":\"https:\/\/leinonen.eu\/lva\/lv\/kontakti\/#primaryimage\"},\"image\":{\"@id\":\"https:\/\/leinonen.eu\/lva\/lv\/kontakti\/#primaryimage\"},\"thumbnailUrl\":\"https:\/\/leinonen.eu\/app\/uploads\/sites\/14\/2022\/02\/contacts-hero-scaled.jpg\",\"datePublished\":\"2022-01-06T13:52:43+00:00\",\"dateModified\":\"2025-12-16T12:49:19+00:00\",\"description\":\"Leinonen biroji atrodas vis\u0101 Eirop\u0101. M\u016bsu eksperti var konsult\u0113t jaut\u0101jumos, kas saist\u012bti gan ar viet\u0113jo, gan p\u0101rrobe\u017eu uz\u0146\u0113m\u0113jdarb\u012bbu. Sazinieties ar mums!\",\"breadcrumb\":{\"@id\":\"https:\/\/leinonen.eu\/lva\/lv\/kontakti\/#breadcrumb\"},\"inLanguage\":\"lv-LV\",\"potentialAction\":[{\"@type\":\"ReadAction\",\"target\":[\"https:\/\/leinonen.eu\/lva\/lv\/kontakti\/\"]}]},{\"@type\":\"ImageObject\",\"inLanguage\":\"lv-LV\",\"@id\":\"https:\/\/leinonen.eu\/lva\/lv\/kontakti\/#primaryimage\",\"url\":\"https:\/\/leinonen.eu\/app\/uploads\/sites\/14\/2022\/02\/contacts-hero-scaled.jpg\",\"contentUrl\":\"https:\/\/leinonen.eu\/app\/uploads\/sites\/14\/2022\/02\/contacts-hero-scaled.jpg\",\"width\":2560,\"height\":567},{\"@type\":\"BreadcrumbList\",\"@id\":\"https:\/\/leinonen.eu\/lva\/lv\/kontakti\/#breadcrumb\",\"itemListElement\":[{\"@type\":\"ListItem\",\"position\":1,\"name\":\"Home\",\"item\":\"https:\/\/leinonen.eu\/lva\/lv\/home\/\"},{\"@type\":\"ListItem\",\"position\":2,\"name\":\"Kontakti\"}]},{\"@type\":\"WebSite\",\"@id\":\"https:\/\/leinonen.eu\/lva\/lv\/#website\",\"url\":\"https:\/\/leinonen.eu\/lva\/lv\/\",\"name\":\"Leinonen Latvia\",\"description\":\"\",\"potentialAction\":[{\"@type\":\"SearchAction\",\"target\":{\"@type\":\"EntryPoint\",\"urlTemplate\":\"https:\/\/leinonen.eu\/lva\/lv\/?s={search_term_string}\"},\"query-input\":{\"@type\":\"PropertyValueSpecification\",\"valueRequired\":true,\"valueName\":\"search_term_string\"}}],\"inLanguage\":\"lv-LV\"}]}<\/script>\n<!-- \/ Yoast SEO plugin. -->","yoast_head_json":{"title":"Kontakti | Leinonen biroji | Leinonen Latvija","description":"Leinonen biroji atrodas vis\u0101 Eirop\u0101. M\u016bsu eksperti var konsult\u0113t jaut\u0101jumos, kas saist\u012bti gan ar viet\u0113jo, gan p\u0101rrobe\u017eu uz\u0146\u0113m\u0113jdarb\u012bbu. Sazinieties ar mums!","robots":{"index":"index","follow":"follow","max-snippet":"max-snippet:-1","max-image-preview":"max-image-preview:large","max-video-preview":"max-video-preview:-1"},"canonical":"https:\/\/leinonen.eu\/lva\/lv\/kontakti\/","og_locale":"lv_LV","og_type":"article","og_title":"Kontakti | Leinonen biroji | Leinonen Latvija","og_description":"Leinonen biroji atrodas vis\u0101 Eirop\u0101. M\u016bsu eksperti var konsult\u0113t jaut\u0101jumos, kas saist\u012bti gan ar viet\u0113jo, gan p\u0101rrobe\u017eu uz\u0146\u0113m\u0113jdarb\u012bbu. Sazinieties ar mums!","og_url":"https:\/\/leinonen.eu\/lva\/lv\/kontakti\/","og_site_name":"Leinonen Latvia","article_modified_time":"2025-12-16T12:49:19+00:00","og_image":[{"width":2560,"height":567,"url":"https:\/\/leinonen.eu\/app\/uploads\/sites\/14\/2022\/02\/contacts-hero-scaled.jpg","type":"image\/jpeg"}],"twitter_card":"summary_large_image","twitter_site":"@leinonengroup","twitter_misc":{"Est. reading time":"1 minute","Written by":"tenpixls"},"schema":{"@context":"https:\/\/schema.org","@graph":[{"@type":"WebPage","@id":"https:\/\/leinonen.eu\/lva\/lv\/kontakti\/","url":"https:\/\/leinonen.eu\/lva\/lv\/kontakti\/","name":"Kontakti | Leinonen biroji | Leinonen Latvija","isPartOf":{"@id":"https:\/\/leinonen.eu\/lva\/lv\/#website"},"primaryImageOfPage":{"@id":"https:\/\/leinonen.eu\/lva\/lv\/kontakti\/#primaryimage"},"image":{"@id":"https:\/\/leinonen.eu\/lva\/lv\/kontakti\/#primaryimage"},"thumbnailUrl":"https:\/\/leinonen.eu\/app\/uploads\/sites\/14\/2022\/02\/contacts-hero-scaled.jpg","datePublished":"2022-01-06T13:52:43+00:00","dateModified":"2025-12-16T12:49:19+00:00","description":"Leinonen biroji atrodas vis\u0101 Eirop\u0101. M\u016bsu eksperti var konsult\u0113t jaut\u0101jumos, kas saist\u012bti gan ar viet\u0113jo, gan p\u0101rrobe\u017eu uz\u0146\u0113m\u0113jdarb\u012bbu. Sazinieties ar mums!","breadcrumb":{"@id":"https:\/\/leinonen.eu\/lva\/lv\/kontakti\/#breadcrumb"},"inLanguage":"lv-LV","potentialAction":[{"@type":"ReadAction","target":["https:\/\/leinonen.eu\/lva\/lv\/kontakti\/"]}]},{"@type":"ImageObject","inLanguage":"lv-LV","@id":"https:\/\/leinonen.eu\/lva\/lv\/kontakti\/#primaryimage","url":"https:\/\/leinonen.eu\/app\/uploads\/sites\/14\/2022\/02\/contacts-hero-scaled.jpg","contentUrl":"https:\/\/leinonen.eu\/app\/uploads\/sites\/14\/2022\/02\/contacts-hero-scaled.jpg","width":2560,"height":567},{"@type":"BreadcrumbList","@id":"https:\/\/leinonen.eu\/lva\/lv\/kontakti\/#breadcrumb","itemListElement":[{"@type":"ListItem","position":1,"name":"Home","item":"https:\/\/leinonen.eu\/lva\/lv\/home\/"},{"@type":"ListItem","position":2,"name":"Kontakti"}]},{"@type":"WebSite","@id":"https:\/\/leinonen.eu\/lva\/lv\/#website","url":"https:\/\/leinonen.eu\/lva\/lv\/","name":"Leinonen Latvia","description":"","potentialAction":[{"@type":"SearchAction","target":{"@type":"EntryPoint","urlTemplate":"https:\/\/leinonen.eu\/lva\/lv\/?s={search_term_string}"},"query-input":{"@type":"PropertyValueSpecification","valueRequired":true,"valueName":"search_term_string"}}],"inLanguage":"lv-LV"}]}},"_links":{"self":[{"href":"https:\/\/leinonen.eu\/lva\/lv\/wp-json\/wp\/v2\/pages\/2204","targetHints":{"allow":["GET"]}}],"collection":[{"href":"https:\/\/leinonen.eu\/lva\/lv\/wp-json\/wp\/v2\/pages"}],"about":[{"href":"https:\/\/leinonen.eu\/lva\/lv\/wp-json\/wp\/v2\/types\/page"}],"author":[{"embeddable":true,"href":"https:\/\/leinonen.eu\/lva\/lv\/wp-json\/wp\/v2\/users\/1"}],"replies":[{"embeddable":true,"href":"https:\/\/leinonen.eu\/lva\/lv\/wp-json\/wp\/v2\/comments?post=2204"}],"version-history":[{"count":18,"href":"https:\/\/leinonen.eu\/lva\/lv\/wp-json\/wp\/v2\/pages\/2204\/revisions"}],"predecessor-version":[{"id":5785,"href":"https:\/\/leinonen.eu\/lva\/lv\/wp-json\/wp\/v2\/pages\/2204\/revisions\/5785"}],"wp:featuredmedia":[{"embeddable":true,"href":"https:\/\/leinonen.eu\/lva\/lv\/wp-json\/wp\/v2\/media\/2258"}],"wp:attachment":[{"href":"https:\/\/leinonen.eu\/lva\/lv\/wp-json\/wp\/v2\/media?parent=2204"}],"wp:term":[{"taxonomy":"author","embeddable":true,"href":"https:\/\/leinonen.eu\/lva\/lv\/wp-json\/wp\/v2\/coauthors?post=2204"}],"curies":[{"name":"wp","href":"https:\/\/api.w.org\/{rel}","templated":true}]}}