{"id":72,"date":"2022-01-05T14:21:01","date_gmt":"2022-01-05T14:21:01","guid":{"rendered":"https:\/\/leinonen.dev.tenpixls.com\/services\/"},"modified":"2025-09-08T11:58:18","modified_gmt":"2025-09-08T11:58:18","slug":"pakalpojumi","status":"publish","type":"page","link":"https:\/\/leinonen.eu\/lva\/lv\/pakalpojumi\/","title":{"rendered":"Pakalpojumi"},"content":{"rendered":"","protected":false},"excerpt":{"rendered":"","protected":false},"author":1,"featured_media":0,"parent":0,"menu_order":0,"comment_status":"closed","ping_status":"closed","template":"page-builder.php","meta":{"_acf_changed":false,"inline_featured_image":false,"footnotes":""},"coauthors":[73],"class_list":["post-72","page","type-page","status-publish","hentry"],"acf":[],"yoast_head":"<!-- This site is optimized with the Yoast SEO plugin v25.5 - https:\/\/yoast.com\/wordpress\/plugins\/seo\/ -->\n<title>Biznesa pakalpojumi &amp; konsult\u0101cijas | Leinonen Latvija<\/title>\n<meta name=\"description\" content=\"Biznesa pakalpojumi un konsult\u0101cijas gr\u0101matved\u012bbas, algu un juridiskos jaut\u0101jumos. Ilggad\u0113ja pieredze gan viet\u0113j\u0101, gan starptautiskaj\u0101 tirg\u016b. Sazinieties ar mums!\" \/>\n<meta name=\"robots\" content=\"index, follow, max-snippet:-1, max-image-preview:large, max-video-preview:-1\" \/>\n<link rel=\"canonical\" href=\"https:\/\/leinonen.eu\/lva\/lv\/pakalpojumi\/\" \/>\n<meta property=\"og:locale\" content=\"lv_LV\" \/>\n<meta property=\"og:type\" content=\"article\" \/>\n<meta property=\"og:title\" content=\"Biznesa pakalpojumi &amp; konsult\u0101cijas | Leinonen Latvija\" \/>\n<meta property=\"og:description\" content=\"Biznesa pakalpojumi un konsult\u0101cijas gr\u0101matved\u012bbas, algu un juridiskos jaut\u0101jumos. Ilggad\u0113ja pieredze gan viet\u0113j\u0101, gan starptautiskaj\u0101 tirg\u016b. Sazinieties ar mums!\" \/>\n<meta property=\"og:url\" content=\"https:\/\/leinonen.eu\/lva\/lv\/pakalpojumi\/\" \/>\n<meta property=\"og:site_name\" content=\"Leinonen Latvia\" \/>\n<meta property=\"article:modified_time\" content=\"2025-09-08T11:58:18+00:00\" \/>\n<meta name=\"twitter:card\" content=\"summary_large_image\" \/>\n<meta name=\"twitter:site\" content=\"@leinonengroup\" \/>\n<meta name=\"twitter:label1\" content=\"Written by\" \/>\n\t<meta name=\"twitter:data1\" content=\"tenpixls\" \/>\n<script type=\"application\/ld+json\" class=\"yoast-schema-graph\">{\"@context\":\"https:\/\/schema.org\",\"@graph\":[{\"@type\":\"WebPage\",\"@id\":\"https:\/\/leinonen.eu\/lva\/lv\/pakalpojumi\/\",\"url\":\"https:\/\/leinonen.eu\/lva\/lv\/pakalpojumi\/\",\"name\":\"Biznesa pakalpojumi & konsult\u0101cijas | Leinonen Latvija\",\"isPartOf\":{\"@id\":\"https:\/\/leinonen.eu\/lva\/lv\/#website\"},\"datePublished\":\"2022-01-05T14:21:01+00:00\",\"dateModified\":\"2025-09-08T11:58:18+00:00\",\"description\":\"Biznesa pakalpojumi un konsult\u0101cijas gr\u0101matved\u012bbas, algu un juridiskos jaut\u0101jumos. Ilggad\u0113ja pieredze gan viet\u0113j\u0101, gan starptautiskaj\u0101 tirg\u016b. Sazinieties ar mums!\",\"breadcrumb\":{\"@id\":\"https:\/\/leinonen.eu\/lva\/lv\/pakalpojumi\/#breadcrumb\"},\"inLanguage\":\"lv-LV\",\"potentialAction\":[{\"@type\":\"ReadAction\",\"target\":[\"https:\/\/leinonen.eu\/lva\/lv\/pakalpojumi\/\"]}]},{\"@type\":\"BreadcrumbList\",\"@id\":\"https:\/\/leinonen.eu\/lva\/lv\/pakalpojumi\/#breadcrumb\",\"itemListElement\":[{\"@type\":\"ListItem\",\"position\":1,\"name\":\"Home\",\"item\":\"https:\/\/leinonen.eu\/lva\/lv\/home\/\"},{\"@type\":\"ListItem\",\"position\":2,\"name\":\"Pakalpojumi\"}]},{\"@type\":\"WebSite\",\"@id\":\"https:\/\/leinonen.eu\/lva\/lv\/#website\",\"url\":\"https:\/\/leinonen.eu\/lva\/lv\/\",\"name\":\"Leinonen Latvia\",\"description\":\"\",\"potentialAction\":[{\"@type\":\"SearchAction\",\"target\":{\"@type\":\"EntryPoint\",\"urlTemplate\":\"https:\/\/leinonen.eu\/lva\/lv\/?s={search_term_string}\"},\"query-input\":{\"@type\":\"PropertyValueSpecification\",\"valueRequired\":true,\"valueName\":\"search_term_string\"}}],\"inLanguage\":\"lv-LV\"}]}<\/script>\n<!-- \/ Yoast SEO plugin. -->","yoast_head_json":{"title":"Biznesa pakalpojumi & konsult\u0101cijas | Leinonen Latvija","description":"Biznesa pakalpojumi un konsult\u0101cijas gr\u0101matved\u012bbas, algu un juridiskos jaut\u0101jumos. Ilggad\u0113ja pieredze gan viet\u0113j\u0101, gan starptautiskaj\u0101 tirg\u016b. Sazinieties ar mums!","robots":{"index":"index","follow":"follow","max-snippet":"max-snippet:-1","max-image-preview":"max-image-preview:large","max-video-preview":"max-video-preview:-1"},"canonical":"https:\/\/leinonen.eu\/lva\/lv\/pakalpojumi\/","og_locale":"lv_LV","og_type":"article","og_title":"Biznesa pakalpojumi & konsult\u0101cijas | Leinonen Latvija","og_description":"Biznesa pakalpojumi un konsult\u0101cijas gr\u0101matved\u012bbas, algu un juridiskos jaut\u0101jumos. Ilggad\u0113ja pieredze gan viet\u0113j\u0101, gan starptautiskaj\u0101 tirg\u016b. Sazinieties ar mums!","og_url":"https:\/\/leinonen.eu\/lva\/lv\/pakalpojumi\/","og_site_name":"Leinonen Latvia","article_modified_time":"2025-09-08T11:58:18+00:00","twitter_card":"summary_large_image","twitter_site":"@leinonengroup","twitter_misc":{"Written by":"tenpixls"},"schema":{"@context":"https:\/\/schema.org","@graph":[{"@type":"WebPage","@id":"https:\/\/leinonen.eu\/lva\/lv\/pakalpojumi\/","url":"https:\/\/leinonen.eu\/lva\/lv\/pakalpojumi\/","name":"Biznesa pakalpojumi & konsult\u0101cijas | Leinonen Latvija","isPartOf":{"@id":"https:\/\/leinonen.eu\/lva\/lv\/#website"},"datePublished":"2022-01-05T14:21:01+00:00","dateModified":"2025-09-08T11:58:18+00:00","description":"Biznesa pakalpojumi un konsult\u0101cijas gr\u0101matved\u012bbas, algu un juridiskos jaut\u0101jumos. Ilggad\u0113ja pieredze gan viet\u0113j\u0101, gan starptautiskaj\u0101 tirg\u016b. Sazinieties ar mums!","breadcrumb":{"@id":"https:\/\/leinonen.eu\/lva\/lv\/pakalpojumi\/#breadcrumb"},"inLanguage":"lv-LV","potentialAction":[{"@type":"ReadAction","target":["https:\/\/leinonen.eu\/lva\/lv\/pakalpojumi\/"]}]},{"@type":"BreadcrumbList","@id":"https:\/\/leinonen.eu\/lva\/lv\/pakalpojumi\/#breadcrumb","itemListElement":[{"@type":"ListItem","position":1,"name":"Home","item":"https:\/\/leinonen.eu\/lva\/lv\/home\/"},{"@type":"ListItem","position":2,"name":"Pakalpojumi"}]},{"@type":"WebSite","@id":"https:\/\/leinonen.eu\/lva\/lv\/#website","url":"https:\/\/leinonen.eu\/lva\/lv\/","name":"Leinonen Latvia","description":"","potentialAction":[{"@type":"SearchAction","target":{"@type":"EntryPoint","urlTemplate":"https:\/\/leinonen.eu\/lva\/lv\/?s={search_term_string}"},"query-input":{"@type":"PropertyValueSpecification","valueRequired":true,"valueName":"search_term_string"}}],"inLanguage":"lv-LV"}]}},"_links":{"self":[{"href":"https:\/\/leinonen.eu\/lva\/lv\/wp-json\/wp\/v2\/pages\/72","targetHints":{"allow":["GET"]}}],"collection":[{"href":"https:\/\/leinonen.eu\/lva\/lv\/wp-json\/wp\/v2\/pages"}],"about":[{"href":"https:\/\/leinonen.eu\/lva\/lv\/wp-json\/wp\/v2\/types\/page"}],"author":[{"embeddable":true,"href":"https:\/\/leinonen.eu\/lva\/lv\/wp-json\/wp\/v2\/users\/1"}],"replies":[{"embeddable":true,"href":"https:\/\/leinonen.eu\/lva\/lv\/wp-json\/wp\/v2\/comments?post=72"}],"version-history":[{"count":12,"href":"https:\/\/leinonen.eu\/lva\/lv\/wp-json\/wp\/v2\/pages\/72\/revisions"}],"predecessor-version":[{"id":5744,"href":"https:\/\/leinonen.eu\/lva\/lv\/wp-json\/wp\/v2\/pages\/72\/revisions\/5744"}],"wp:attachment":[{"href":"https:\/\/leinonen.eu\/lva\/lv\/wp-json\/wp\/v2\/media?parent=72"}],"wp:term":[{"taxonomy":"author","embeddable":true,"href":"https:\/\/leinonen.eu\/lva\/lv\/wp-json\/wp\/v2\/coauthors?post=72"}],"curies":[{"name":"wp","href":"https:\/\/api.w.org\/{rel}","templated":true}]}}