{"id":86,"date":"2022-01-05T13:37:28","date_gmt":"2022-01-05T13:37:28","guid":{"rendered":"https:\/\/leinonen.dev.tenpixls.com\/about\/"},"modified":"2026-03-24T15:21:48","modified_gmt":"2026-03-24T15:21:48","slug":"home","status":"publish","type":"page","link":"https:\/\/leinonen.eu\/lva\/lv\/","title":{"rendered":"Home"},"content":{"rendered":"","protected":false},"excerpt":{"rendered":"","protected":false},"author":1,"featured_media":0,"parent":0,"menu_order":0,"comment_status":"closed","ping_status":"closed","template":"page-builder.php","meta":{"_acf_changed":false,"inline_featured_image":false,"footnotes":""},"coauthors":[73],"class_list":["post-86","page","type-page","status-publish","hentry"],"acf":[],"yoast_head":"<!-- This site is optimized with the Yoast SEO plugin v25.5 - https:\/\/yoast.com\/wordpress\/plugins\/seo\/ -->\n<title>Leinonen Latvija | Starptautiska gr\u0101matved\u012bbas firma<\/title>\n<meta name=\"description\" content=\"Ekspertu gr\u0101matved\u012bbas un algu pakalpojumi no Leinonen Latvija. M\u016bsu profesion\u0101l\u0101 komanda atbalst\u012bs j\u016bsu uz\u0146\u0113muma vajadz\u012bbas. Sazinieties ar mums!\" \/>\n<meta name=\"robots\" content=\"index, follow, max-snippet:-1, max-image-preview:large, max-video-preview:-1\" \/>\n<link rel=\"canonical\" href=\"https:\/\/leinonen.eu\/lva\/lv\/\" \/>\n<meta property=\"og:locale\" content=\"lv_LV\" \/>\n<meta property=\"og:type\" content=\"article\" \/>\n<meta property=\"og:title\" content=\"Leinonen Latvija | Starptautiska gr\u0101matved\u012bbas firma\" \/>\n<meta property=\"og:description\" content=\"Ekspertu gr\u0101matved\u012bbas un algu pakalpojumi no Leinonen Latvija. M\u016bsu profesion\u0101l\u0101 komanda atbalst\u012bs j\u016bsu uz\u0146\u0113muma vajadz\u012bbas. Sazinieties ar mums!\" \/>\n<meta property=\"og:url\" content=\"https:\/\/leinonen.eu\/lva\/lv\/\" \/>\n<meta property=\"og:site_name\" content=\"Leinonen Latvia\" \/>\n<meta property=\"article:modified_time\" content=\"2026-03-24T15:21:48+00:00\" \/>\n<meta name=\"twitter:card\" content=\"summary_large_image\" \/>\n<meta name=\"twitter:site\" content=\"@leinonengroup\" \/>\n<meta name=\"twitter:label1\" content=\"Written by\" \/>\n\t<meta name=\"twitter:data1\" content=\"tenpixls\" \/>\n<script type=\"application\/ld+json\" class=\"yoast-schema-graph\">{\"@context\":\"https:\/\/schema.org\",\"@graph\":[{\"@type\":\"WebPage\",\"@id\":\"https:\/\/leinonen.eu\/lva\/lv\/\",\"url\":\"https:\/\/leinonen.eu\/lva\/lv\/\",\"name\":\"Leinonen Latvija | Starptautiska gr\u0101matved\u012bbas firma\",\"isPartOf\":{\"@id\":\"https:\/\/leinonen.eu\/lva\/lv\/#website\"},\"datePublished\":\"2022-01-05T13:37:28+00:00\",\"dateModified\":\"2026-03-24T15:21:48+00:00\",\"description\":\"Ekspertu gr\u0101matved\u012bbas un algu pakalpojumi no Leinonen Latvija. M\u016bsu profesion\u0101l\u0101 komanda atbalst\u012bs j\u016bsu uz\u0146\u0113muma vajadz\u012bbas. Sazinieties ar mums!\",\"breadcrumb\":{\"@id\":\"https:\/\/leinonen.eu\/lva\/lv\/#breadcrumb\"},\"inLanguage\":\"lv-LV\",\"potentialAction\":[{\"@type\":\"ReadAction\",\"target\":[\"https:\/\/leinonen.eu\/lva\/lv\/\"]}]},{\"@type\":\"BreadcrumbList\",\"@id\":\"https:\/\/leinonen.eu\/lva\/lv\/#breadcrumb\",\"itemListElement\":[{\"@type\":\"ListItem\",\"position\":1,\"name\":\"Home\",\"item\":\"https:\/\/leinonen.eu\/lva\/lv\/home\/\"},{\"@type\":\"ListItem\",\"position\":2,\"name\":\"Home\"}]},{\"@type\":\"WebSite\",\"@id\":\"https:\/\/leinonen.eu\/lva\/lv\/#website\",\"url\":\"https:\/\/leinonen.eu\/lva\/lv\/\",\"name\":\"Leinonen Latvia\",\"description\":\"\",\"potentialAction\":[{\"@type\":\"SearchAction\",\"target\":{\"@type\":\"EntryPoint\",\"urlTemplate\":\"https:\/\/leinonen.eu\/lva\/lv\/?s={search_term_string}\"},\"query-input\":{\"@type\":\"PropertyValueSpecification\",\"valueRequired\":true,\"valueName\":\"search_term_string\"}}],\"inLanguage\":\"lv-LV\"}]}<\/script>\n<!-- \/ Yoast SEO plugin. -->","yoast_head_json":{"title":"Leinonen Latvija | Starptautiska gr\u0101matved\u012bbas firma","description":"Ekspertu gr\u0101matved\u012bbas un algu pakalpojumi no Leinonen Latvija. M\u016bsu profesion\u0101l\u0101 komanda atbalst\u012bs j\u016bsu uz\u0146\u0113muma vajadz\u012bbas. Sazinieties ar mums!","robots":{"index":"index","follow":"follow","max-snippet":"max-snippet:-1","max-image-preview":"max-image-preview:large","max-video-preview":"max-video-preview:-1"},"canonical":"https:\/\/leinonen.eu\/lva\/lv\/","og_locale":"lv_LV","og_type":"article","og_title":"Leinonen Latvija | Starptautiska gr\u0101matved\u012bbas firma","og_description":"Ekspertu gr\u0101matved\u012bbas un algu pakalpojumi no Leinonen Latvija. M\u016bsu profesion\u0101l\u0101 komanda atbalst\u012bs j\u016bsu uz\u0146\u0113muma vajadz\u012bbas. Sazinieties ar mums!","og_url":"https:\/\/leinonen.eu\/lva\/lv\/","og_site_name":"Leinonen Latvia","article_modified_time":"2026-03-24T15:21:48+00:00","twitter_card":"summary_large_image","twitter_site":"@leinonengroup","twitter_misc":{"Written by":"tenpixls"},"schema":{"@context":"https:\/\/schema.org","@graph":[{"@type":"WebPage","@id":"https:\/\/leinonen.eu\/lva\/lv\/","url":"https:\/\/leinonen.eu\/lva\/lv\/","name":"Leinonen Latvija | Starptautiska gr\u0101matved\u012bbas firma","isPartOf":{"@id":"https:\/\/leinonen.eu\/lva\/lv\/#website"},"datePublished":"2022-01-05T13:37:28+00:00","dateModified":"2026-03-24T15:21:48+00:00","description":"Ekspertu gr\u0101matved\u012bbas un algu pakalpojumi no Leinonen Latvija. M\u016bsu profesion\u0101l\u0101 komanda atbalst\u012bs j\u016bsu uz\u0146\u0113muma vajadz\u012bbas. Sazinieties ar mums!","breadcrumb":{"@id":"https:\/\/leinonen.eu\/lva\/lv\/#breadcrumb"},"inLanguage":"lv-LV","potentialAction":[{"@type":"ReadAction","target":["https:\/\/leinonen.eu\/lva\/lv\/"]}]},{"@type":"BreadcrumbList","@id":"https:\/\/leinonen.eu\/lva\/lv\/#breadcrumb","itemListElement":[{"@type":"ListItem","position":1,"name":"Home","item":"https:\/\/leinonen.eu\/lva\/lv\/home\/"},{"@type":"ListItem","position":2,"name":"Home"}]},{"@type":"WebSite","@id":"https:\/\/leinonen.eu\/lva\/lv\/#website","url":"https:\/\/leinonen.eu\/lva\/lv\/","name":"Leinonen Latvia","description":"","potentialAction":[{"@type":"SearchAction","target":{"@type":"EntryPoint","urlTemplate":"https:\/\/leinonen.eu\/lva\/lv\/?s={search_term_string}"},"query-input":{"@type":"PropertyValueSpecification","valueRequired":true,"valueName":"search_term_string"}}],"inLanguage":"lv-LV"}]}},"_links":{"self":[{"href":"https:\/\/leinonen.eu\/lva\/lv\/wp-json\/wp\/v2\/pages\/86","targetHints":{"allow":["GET"]}}],"collection":[{"href":"https:\/\/leinonen.eu\/lva\/lv\/wp-json\/wp\/v2\/pages"}],"about":[{"href":"https:\/\/leinonen.eu\/lva\/lv\/wp-json\/wp\/v2\/types\/page"}],"author":[{"embeddable":true,"href":"https:\/\/leinonen.eu\/lva\/lv\/wp-json\/wp\/v2\/users\/1"}],"replies":[{"embeddable":true,"href":"https:\/\/leinonen.eu\/lva\/lv\/wp-json\/wp\/v2\/comments?post=86"}],"version-history":[{"count":18,"href":"https:\/\/leinonen.eu\/lva\/lv\/wp-json\/wp\/v2\/pages\/86\/revisions"}],"predecessor-version":[{"id":5827,"href":"https:\/\/leinonen.eu\/lva\/lv\/wp-json\/wp\/v2\/pages\/86\/revisions\/5827"}],"wp:attachment":[{"href":"https:\/\/leinonen.eu\/lva\/lv\/wp-json\/wp\/v2\/media?parent=86"}],"wp:term":[{"taxonomy":"author","embeddable":true,"href":"https:\/\/leinonen.eu\/lva\/lv\/wp-json\/wp\/v2\/coauthors?post=86"}],"curies":[{"name":"wp","href":"https:\/\/api.w.org\/{rel}","templated":true}]}}