{"id":74,"date":"2022-01-05T14:21:01","date_gmt":"2022-01-05T14:21:01","guid":{"rendered":"https:\/\/leinonen.dev.tenpixls.com\/services\/"},"modified":"2026-01-26T12:33:03","modified_gmt":"2026-01-26T12:33:03","slug":"services","status":"publish","type":"page","link":"https:\/\/leinonen.eu\/nor\/no\/services\/","title":{"rendered":"Tjenester"},"content":{"rendered":"","protected":false},"excerpt":{"rendered":"","protected":false},"author":1,"featured_media":0,"parent":0,"menu_order":0,"comment_status":"closed","ping_status":"closed","template":"page-builder.php","meta":{"_acf_changed":false,"inline_featured_image":false,"footnotes":""},"coauthors":[73],"class_list":["post-74","page","type-page","status-publish","hentry"],"acf":[],"yoast_head":"<!-- This site is optimized with the Yoast SEO plugin v25.5 - https:\/\/yoast.com\/wordpress\/plugins\/seo\/ -->\n<title>Regnskap, L\u00f8nn og Andre Forretningstjenester | Leinonen Norge<\/title>\n<meta name=\"description\" content=\"Leinonen tilbyr regnskap, l\u00f8nn, skatt og andre forretningstjenester i Norge. V\u00e5re eksperter s\u00f8rger for full overholdelse av norske og internasjonale regler.\" \/>\n<meta name=\"robots\" content=\"index, follow, max-snippet:-1, max-image-preview:large, max-video-preview:-1\" \/>\n<link rel=\"canonical\" href=\"https:\/\/leinonen.eu\/nor\/no\/services\/\" \/>\n<meta property=\"og:locale\" content=\"nb_NO\" \/>\n<meta property=\"og:type\" content=\"article\" \/>\n<meta property=\"og:title\" content=\"Regnskap, L\u00f8nn og Andre Forretningstjenester | Leinonen Norge\" \/>\n<meta property=\"og:description\" content=\"Leinonen tilbyr regnskap, l\u00f8nn, skatt og andre forretningstjenester i Norge. V\u00e5re eksperter s\u00f8rger for full overholdelse av norske og internasjonale regler.\" \/>\n<meta property=\"og:url\" content=\"https:\/\/leinonen.eu\/nor\/no\/services\/\" \/>\n<meta property=\"og:site_name\" content=\"Leinonen Norway\" \/>\n<meta property=\"article:modified_time\" content=\"2026-01-26T12:33:03+00:00\" \/>\n<meta name=\"twitter:card\" content=\"summary_large_image\" \/>\n<meta name=\"twitter:site\" content=\"@leinonengroup\" \/>\n<meta name=\"twitter:label1\" content=\"Written by\" \/>\n\t<meta name=\"twitter:data1\" content=\"tenpixls\" \/>\n<script type=\"application\/ld+json\" class=\"yoast-schema-graph\">{\"@context\":\"https:\/\/schema.org\",\"@graph\":[{\"@type\":\"WebPage\",\"@id\":\"https:\/\/leinonen.eu\/nor\/no\/services\/\",\"url\":\"https:\/\/leinonen.eu\/nor\/no\/services\/\",\"name\":\"Regnskap, L\u00f8nn og Andre Forretningstjenester | Leinonen Norge\",\"isPartOf\":{\"@id\":\"https:\/\/leinonen.eu\/nor\/no\/#website\"},\"datePublished\":\"2022-01-05T14:21:01+00:00\",\"dateModified\":\"2026-01-26T12:33:03+00:00\",\"description\":\"Leinonen tilbyr regnskap, l\u00f8nn, skatt og andre forretningstjenester i Norge. V\u00e5re eksperter s\u00f8rger for full overholdelse av norske og internasjonale regler.\",\"breadcrumb\":{\"@id\":\"https:\/\/leinonen.eu\/nor\/no\/services\/#breadcrumb\"},\"inLanguage\":\"nb-NO\",\"potentialAction\":[{\"@type\":\"ReadAction\",\"target\":[\"https:\/\/leinonen.eu\/nor\/no\/services\/\"]}]},{\"@type\":\"BreadcrumbList\",\"@id\":\"https:\/\/leinonen.eu\/nor\/no\/services\/#breadcrumb\",\"itemListElement\":[{\"@type\":\"ListItem\",\"position\":1,\"name\":\"Home\",\"item\":\"https:\/\/leinonen.eu\/nor\/no\/\"},{\"@type\":\"ListItem\",\"position\":2,\"name\":\"Tjenester\"}]},{\"@type\":\"WebSite\",\"@id\":\"https:\/\/leinonen.eu\/nor\/no\/#website\",\"url\":\"https:\/\/leinonen.eu\/nor\/no\/\",\"name\":\"Leinonen Norway\",\"description\":\"\",\"potentialAction\":[{\"@type\":\"SearchAction\",\"target\":{\"@type\":\"EntryPoint\",\"urlTemplate\":\"https:\/\/leinonen.eu\/nor\/no\/?s={search_term_string}\"},\"query-input\":{\"@type\":\"PropertyValueSpecification\",\"valueRequired\":true,\"valueName\":\"search_term_string\"}}],\"inLanguage\":\"nb-NO\"}]}<\/script>\n<!-- \/ Yoast SEO plugin. -->","yoast_head_json":{"title":"Regnskap, L\u00f8nn og Andre Forretningstjenester | Leinonen Norge","description":"Leinonen tilbyr regnskap, l\u00f8nn, skatt og andre forretningstjenester i Norge. V\u00e5re eksperter s\u00f8rger for full overholdelse av norske og internasjonale regler.","robots":{"index":"index","follow":"follow","max-snippet":"max-snippet:-1","max-image-preview":"max-image-preview:large","max-video-preview":"max-video-preview:-1"},"canonical":"https:\/\/leinonen.eu\/nor\/no\/services\/","og_locale":"nb_NO","og_type":"article","og_title":"Regnskap, L\u00f8nn og Andre Forretningstjenester | Leinonen Norge","og_description":"Leinonen tilbyr regnskap, l\u00f8nn, skatt og andre forretningstjenester i Norge. V\u00e5re eksperter s\u00f8rger for full overholdelse av norske og internasjonale regler.","og_url":"https:\/\/leinonen.eu\/nor\/no\/services\/","og_site_name":"Leinonen Norway","article_modified_time":"2026-01-26T12:33:03+00:00","twitter_card":"summary_large_image","twitter_site":"@leinonengroup","twitter_misc":{"Written by":"tenpixls"},"schema":{"@context":"https:\/\/schema.org","@graph":[{"@type":"WebPage","@id":"https:\/\/leinonen.eu\/nor\/no\/services\/","url":"https:\/\/leinonen.eu\/nor\/no\/services\/","name":"Regnskap, L\u00f8nn og Andre Forretningstjenester | Leinonen Norge","isPartOf":{"@id":"https:\/\/leinonen.eu\/nor\/no\/#website"},"datePublished":"2022-01-05T14:21:01+00:00","dateModified":"2026-01-26T12:33:03+00:00","description":"Leinonen tilbyr regnskap, l\u00f8nn, skatt og andre forretningstjenester i Norge. V\u00e5re eksperter s\u00f8rger for full overholdelse av norske og internasjonale regler.","breadcrumb":{"@id":"https:\/\/leinonen.eu\/nor\/no\/services\/#breadcrumb"},"inLanguage":"nb-NO","potentialAction":[{"@type":"ReadAction","target":["https:\/\/leinonen.eu\/nor\/no\/services\/"]}]},{"@type":"BreadcrumbList","@id":"https:\/\/leinonen.eu\/nor\/no\/services\/#breadcrumb","itemListElement":[{"@type":"ListItem","position":1,"name":"Home","item":"https:\/\/leinonen.eu\/nor\/no\/"},{"@type":"ListItem","position":2,"name":"Tjenester"}]},{"@type":"WebSite","@id":"https:\/\/leinonen.eu\/nor\/no\/#website","url":"https:\/\/leinonen.eu\/nor\/no\/","name":"Leinonen Norway","description":"","potentialAction":[{"@type":"SearchAction","target":{"@type":"EntryPoint","urlTemplate":"https:\/\/leinonen.eu\/nor\/no\/?s={search_term_string}"},"query-input":{"@type":"PropertyValueSpecification","valueRequired":true,"valueName":"search_term_string"}}],"inLanguage":"nb-NO"}]}},"_links":{"self":[{"href":"https:\/\/leinonen.eu\/nor\/no\/wp-json\/wp\/v2\/pages\/74","targetHints":{"allow":["GET"]}}],"collection":[{"href":"https:\/\/leinonen.eu\/nor\/no\/wp-json\/wp\/v2\/pages"}],"about":[{"href":"https:\/\/leinonen.eu\/nor\/no\/wp-json\/wp\/v2\/types\/page"}],"author":[{"embeddable":true,"href":"https:\/\/leinonen.eu\/nor\/no\/wp-json\/wp\/v2\/users\/1"}],"replies":[{"embeddable":true,"href":"https:\/\/leinonen.eu\/nor\/no\/wp-json\/wp\/v2\/comments?post=74"}],"version-history":[{"count":10,"href":"https:\/\/leinonen.eu\/nor\/no\/wp-json\/wp\/v2\/pages\/74\/revisions"}],"predecessor-version":[{"id":5195,"href":"https:\/\/leinonen.eu\/nor\/no\/wp-json\/wp\/v2\/pages\/74\/revisions\/5195"}],"wp:attachment":[{"href":"https:\/\/leinonen.eu\/nor\/no\/wp-json\/wp\/v2\/media?parent=74"}],"wp:term":[{"taxonomy":"author","embeddable":true,"href":"https:\/\/leinonen.eu\/nor\/no\/wp-json\/wp\/v2\/coauthors?post=74"}],"curies":[{"name":"wp","href":"https:\/\/api.w.org\/{rel}","templated":true}]}}