{"id":66,"date":"2022-01-05T14:21:01","date_gmt":"2022-01-05T14:21:01","guid":{"rendered":"https:\/\/leinonen.dev.tenpixls.com\/services\/"},"modified":"2026-02-06T18:11:03","modified_gmt":"2026-02-06T18:11:03","slug":"services","status":"publish","type":"page","link":"https:\/\/leinonen.eu\/pol\/pl\/services\/","title":{"rendered":"Us\u0142ugi"},"content":{"rendered":"","protected":false},"excerpt":{"rendered":"","protected":false},"author":1,"featured_media":0,"parent":0,"menu_order":0,"comment_status":"closed","ping_status":"closed","template":"page-builder.php","meta":{"_acf_changed":false,"inline_featured_image":false,"footnotes":""},"coauthors":[73],"class_list":["post-66","page","type-page","status-publish","hentry"],"acf":[],"yoast_head":"<!-- This site is optimized with the Yoast SEO plugin v25.5 - https:\/\/yoast.com\/wordpress\/plugins\/seo\/ -->\n<title>Nasze us\u0142ugi w Polsce | Leinonen<\/title>\n<meta name=\"description\" content=\"Leinonen zapewnia profesjonalne zarz\u0105dzanie p\u0142acami i us\u0142ugi ksi\u0119gowe dla firm chc\u0105cych zdoby\u0107 siln\u0105 pozycj\u0119 na polskim rynku. Wi\u0119cej informacji znajdziesz w zak\u0142adkach.\" \/>\n<meta name=\"robots\" content=\"index, follow, max-snippet:-1, max-image-preview:large, max-video-preview:-1\" \/>\n<link rel=\"canonical\" href=\"https:\/\/leinonen.eu\/pol\/pl\/services\/\" \/>\n<meta property=\"og:locale\" content=\"pl_PL\" \/>\n<meta property=\"og:type\" content=\"article\" \/>\n<meta property=\"og:title\" content=\"Nasze us\u0142ugi w Polsce | Leinonen\" \/>\n<meta property=\"og:description\" content=\"Leinonen zapewnia profesjonalne zarz\u0105dzanie p\u0142acami i us\u0142ugi ksi\u0119gowe dla firm chc\u0105cych zdoby\u0107 siln\u0105 pozycj\u0119 na polskim rynku. Wi\u0119cej informacji znajdziesz w zak\u0142adkach.\" \/>\n<meta property=\"og:url\" content=\"https:\/\/leinonen.eu\/pol\/pl\/services\/\" \/>\n<meta property=\"og:site_name\" content=\"Leinonen Poland\" \/>\n<meta property=\"article:modified_time\" content=\"2026-02-06T18:11:03+00:00\" \/>\n<meta name=\"twitter:card\" content=\"summary_large_image\" \/>\n<meta name=\"twitter:site\" content=\"@leinonengroup\" \/>\n<meta name=\"twitter:label1\" content=\"Written by\" \/>\n\t<meta name=\"twitter:data1\" content=\"tenpixls\" \/>\n<script type=\"application\/ld+json\" class=\"yoast-schema-graph\">{\"@context\":\"https:\/\/schema.org\",\"@graph\":[{\"@type\":\"WebPage\",\"@id\":\"https:\/\/leinonen.eu\/pol\/pl\/services\/\",\"url\":\"https:\/\/leinonen.eu\/pol\/pl\/services\/\",\"name\":\"Nasze us\u0142ugi w Polsce | Leinonen\",\"isPartOf\":{\"@id\":\"https:\/\/leinonen.eu\/pol\/pl\/#website\"},\"datePublished\":\"2022-01-05T14:21:01+00:00\",\"dateModified\":\"2026-02-06T18:11:03+00:00\",\"description\":\"Leinonen zapewnia profesjonalne zarz\u0105dzanie p\u0142acami i us\u0142ugi ksi\u0119gowe dla firm chc\u0105cych zdoby\u0107 siln\u0105 pozycj\u0119 na polskim rynku. Wi\u0119cej informacji znajdziesz w zak\u0142adkach.\",\"breadcrumb\":{\"@id\":\"https:\/\/leinonen.eu\/pol\/pl\/services\/#breadcrumb\"},\"inLanguage\":\"pl-PL\",\"potentialAction\":[{\"@type\":\"ReadAction\",\"target\":[\"https:\/\/leinonen.eu\/pol\/pl\/services\/\"]}]},{\"@type\":\"BreadcrumbList\",\"@id\":\"https:\/\/leinonen.eu\/pol\/pl\/services\/#breadcrumb\",\"itemListElement\":[{\"@type\":\"ListItem\",\"position\":1,\"name\":\"Home\",\"item\":\"https:\/\/leinonen.eu\/pol\/pl\/\"},{\"@type\":\"ListItem\",\"position\":2,\"name\":\"Us\u0142ugi\"}]},{\"@type\":\"WebSite\",\"@id\":\"https:\/\/leinonen.eu\/pol\/pl\/#website\",\"url\":\"https:\/\/leinonen.eu\/pol\/pl\/\",\"name\":\"Leinonen Poland\",\"description\":\"\",\"potentialAction\":[{\"@type\":\"SearchAction\",\"target\":{\"@type\":\"EntryPoint\",\"urlTemplate\":\"https:\/\/leinonen.eu\/pol\/pl\/?s={search_term_string}\"},\"query-input\":{\"@type\":\"PropertyValueSpecification\",\"valueRequired\":true,\"valueName\":\"search_term_string\"}}],\"inLanguage\":\"pl-PL\"}]}<\/script>\n<!-- \/ Yoast SEO plugin. -->","yoast_head_json":{"title":"Nasze us\u0142ugi w Polsce | Leinonen","description":"Leinonen zapewnia profesjonalne zarz\u0105dzanie p\u0142acami i us\u0142ugi ksi\u0119gowe dla firm chc\u0105cych zdoby\u0107 siln\u0105 pozycj\u0119 na polskim rynku. Wi\u0119cej informacji znajdziesz w zak\u0142adkach.","robots":{"index":"index","follow":"follow","max-snippet":"max-snippet:-1","max-image-preview":"max-image-preview:large","max-video-preview":"max-video-preview:-1"},"canonical":"https:\/\/leinonen.eu\/pol\/pl\/services\/","og_locale":"pl_PL","og_type":"article","og_title":"Nasze us\u0142ugi w Polsce | Leinonen","og_description":"Leinonen zapewnia profesjonalne zarz\u0105dzanie p\u0142acami i us\u0142ugi ksi\u0119gowe dla firm chc\u0105cych zdoby\u0107 siln\u0105 pozycj\u0119 na polskim rynku. Wi\u0119cej informacji znajdziesz w zak\u0142adkach.","og_url":"https:\/\/leinonen.eu\/pol\/pl\/services\/","og_site_name":"Leinonen Poland","article_modified_time":"2026-02-06T18:11:03+00:00","twitter_card":"summary_large_image","twitter_site":"@leinonengroup","twitter_misc":{"Written by":"tenpixls"},"schema":{"@context":"https:\/\/schema.org","@graph":[{"@type":"WebPage","@id":"https:\/\/leinonen.eu\/pol\/pl\/services\/","url":"https:\/\/leinonen.eu\/pol\/pl\/services\/","name":"Nasze us\u0142ugi w Polsce | Leinonen","isPartOf":{"@id":"https:\/\/leinonen.eu\/pol\/pl\/#website"},"datePublished":"2022-01-05T14:21:01+00:00","dateModified":"2026-02-06T18:11:03+00:00","description":"Leinonen zapewnia profesjonalne zarz\u0105dzanie p\u0142acami i us\u0142ugi ksi\u0119gowe dla firm chc\u0105cych zdoby\u0107 siln\u0105 pozycj\u0119 na polskim rynku. Wi\u0119cej informacji znajdziesz w zak\u0142adkach.","breadcrumb":{"@id":"https:\/\/leinonen.eu\/pol\/pl\/services\/#breadcrumb"},"inLanguage":"pl-PL","potentialAction":[{"@type":"ReadAction","target":["https:\/\/leinonen.eu\/pol\/pl\/services\/"]}]},{"@type":"BreadcrumbList","@id":"https:\/\/leinonen.eu\/pol\/pl\/services\/#breadcrumb","itemListElement":[{"@type":"ListItem","position":1,"name":"Home","item":"https:\/\/leinonen.eu\/pol\/pl\/"},{"@type":"ListItem","position":2,"name":"Us\u0142ugi"}]},{"@type":"WebSite","@id":"https:\/\/leinonen.eu\/pol\/pl\/#website","url":"https:\/\/leinonen.eu\/pol\/pl\/","name":"Leinonen Poland","description":"","potentialAction":[{"@type":"SearchAction","target":{"@type":"EntryPoint","urlTemplate":"https:\/\/leinonen.eu\/pol\/pl\/?s={search_term_string}"},"query-input":{"@type":"PropertyValueSpecification","valueRequired":true,"valueName":"search_term_string"}}],"inLanguage":"pl-PL"}]}},"_links":{"self":[{"href":"https:\/\/leinonen.eu\/pol\/pl\/wp-json\/wp\/v2\/pages\/66","targetHints":{"allow":["GET"]}}],"collection":[{"href":"https:\/\/leinonen.eu\/pol\/pl\/wp-json\/wp\/v2\/pages"}],"about":[{"href":"https:\/\/leinonen.eu\/pol\/pl\/wp-json\/wp\/v2\/types\/page"}],"author":[{"embeddable":true,"href":"https:\/\/leinonen.eu\/pol\/pl\/wp-json\/wp\/v2\/users\/1"}],"replies":[{"embeddable":true,"href":"https:\/\/leinonen.eu\/pol\/pl\/wp-json\/wp\/v2\/comments?post=66"}],"version-history":[{"count":14,"href":"https:\/\/leinonen.eu\/pol\/pl\/wp-json\/wp\/v2\/pages\/66\/revisions"}],"predecessor-version":[{"id":5101,"href":"https:\/\/leinonen.eu\/pol\/pl\/wp-json\/wp\/v2\/pages\/66\/revisions\/5101"}],"wp:attachment":[{"href":"https:\/\/leinonen.eu\/pol\/pl\/wp-json\/wp\/v2\/media?parent=66"}],"wp:term":[{"taxonomy":"author","embeddable":true,"href":"https:\/\/leinonen.eu\/pol\/pl\/wp-json\/wp\/v2\/coauthors?post=66"}],"curies":[{"name":"wp","href":"https:\/\/api.w.org\/{rel}","templated":true}]}}