{"id":89,"date":"2022-01-05T13:37:28","date_gmt":"2022-01-05T13:37:28","guid":{"rendered":"https:\/\/leinonen.dev.tenpixls.com\/about\/"},"modified":"2026-03-24T16:36:17","modified_gmt":"2026-03-24T16:36:17","slug":"home","status":"publish","type":"page","link":"https:\/\/leinonen.eu\/pol\/pl\/","title":{"rendered":"Home"},"content":{"rendered":"","protected":false},"excerpt":{"rendered":"","protected":false},"author":1,"featured_media":0,"parent":0,"menu_order":0,"comment_status":"closed","ping_status":"closed","template":"page-builder.php","meta":{"_acf_changed":false,"inline_featured_image":false,"footnotes":""},"coauthors":[73],"class_list":["post-89","page","type-page","status-publish","hentry"],"acf":[],"yoast_head":"<!-- This site is optimized with the Yoast SEO plugin v25.5 - https:\/\/yoast.com\/wordpress\/plugins\/seo\/ -->\n<title>Leinonen Polska | Leinonen<\/title>\n<meta name=\"description\" content=\"Misj\u0105 Leinonen Polska jest u\u0142atwienie dzia\u0142alno\u015bci firmom z kapita\u0142em zagranicznym poprzez przej\u0119cie czasoch\u0142onnych proces\u00f3w, takich jak zarz\u0105dzanie p\u0142acami. Skontaktuj si\u0119 z nami ju\u017c dzisiaj.\" \/>\n<meta name=\"robots\" content=\"index, follow, max-snippet:-1, max-image-preview:large, max-video-preview:-1\" \/>\n<link rel=\"canonical\" href=\"https:\/\/leinonen.eu\/pol\/pl\/\" \/>\n<meta property=\"og:locale\" content=\"pl_PL\" \/>\n<meta property=\"og:type\" content=\"article\" \/>\n<meta property=\"og:title\" content=\"Leinonen Polska | Leinonen\" \/>\n<meta property=\"og:description\" content=\"Misj\u0105 Leinonen Polska jest u\u0142atwienie dzia\u0142alno\u015bci firmom z kapita\u0142em zagranicznym poprzez przej\u0119cie czasoch\u0142onnych proces\u00f3w, takich jak zarz\u0105dzanie p\u0142acami. Skontaktuj si\u0119 z nami ju\u017c dzisiaj.\" \/>\n<meta property=\"og:url\" content=\"https:\/\/leinonen.eu\/pol\/pl\/\" \/>\n<meta property=\"og:site_name\" content=\"Leinonen Poland\" \/>\n<meta property=\"article:modified_time\" content=\"2026-03-24T16:36:17+00:00\" \/>\n<meta name=\"twitter:card\" content=\"summary_large_image\" \/>\n<meta name=\"twitter:site\" content=\"@leinonengroup\" \/>\n<meta name=\"twitter:label1\" content=\"Written by\" \/>\n\t<meta name=\"twitter:data1\" content=\"tenpixls\" \/>\n<script type=\"application\/ld+json\" class=\"yoast-schema-graph\">{\"@context\":\"https:\/\/schema.org\",\"@graph\":[{\"@type\":\"WebPage\",\"@id\":\"https:\/\/leinonen.eu\/pol\/pl\/\",\"url\":\"https:\/\/leinonen.eu\/pol\/pl\/\",\"name\":\"Leinonen Polska | Leinonen\",\"isPartOf\":{\"@id\":\"https:\/\/leinonen.eu\/pol\/pl\/#website\"},\"datePublished\":\"2022-01-05T13:37:28+00:00\",\"dateModified\":\"2026-03-24T16:36:17+00:00\",\"description\":\"Misj\u0105 Leinonen Polska jest u\u0142atwienie dzia\u0142alno\u015bci firmom z kapita\u0142em zagranicznym poprzez przej\u0119cie czasoch\u0142onnych proces\u00f3w, takich jak zarz\u0105dzanie p\u0142acami. Skontaktuj si\u0119 z nami ju\u017c dzisiaj.\",\"breadcrumb\":{\"@id\":\"https:\/\/leinonen.eu\/pol\/pl\/#breadcrumb\"},\"inLanguage\":\"pl-PL\",\"potentialAction\":[{\"@type\":\"ReadAction\",\"target\":[\"https:\/\/leinonen.eu\/pol\/pl\/\"]}]},{\"@type\":\"BreadcrumbList\",\"@id\":\"https:\/\/leinonen.eu\/pol\/pl\/#breadcrumb\",\"itemListElement\":[{\"@type\":\"ListItem\",\"position\":1,\"name\":\"Home\",\"item\":\"https:\/\/leinonen.eu\/pol\/pl\/\"},{\"@type\":\"ListItem\",\"position\":2,\"name\":\"Home\"}]},{\"@type\":\"WebSite\",\"@id\":\"https:\/\/leinonen.eu\/pol\/pl\/#website\",\"url\":\"https:\/\/leinonen.eu\/pol\/pl\/\",\"name\":\"Leinonen Poland\",\"description\":\"\",\"potentialAction\":[{\"@type\":\"SearchAction\",\"target\":{\"@type\":\"EntryPoint\",\"urlTemplate\":\"https:\/\/leinonen.eu\/pol\/pl\/?s={search_term_string}\"},\"query-input\":{\"@type\":\"PropertyValueSpecification\",\"valueRequired\":true,\"valueName\":\"search_term_string\"}}],\"inLanguage\":\"pl-PL\"}]}<\/script>\n<!-- \/ Yoast SEO plugin. -->","yoast_head_json":{"title":"Leinonen Polska | Leinonen","description":"Misj\u0105 Leinonen Polska jest u\u0142atwienie dzia\u0142alno\u015bci firmom z kapita\u0142em zagranicznym poprzez przej\u0119cie czasoch\u0142onnych proces\u00f3w, takich jak zarz\u0105dzanie p\u0142acami. Skontaktuj si\u0119 z nami ju\u017c dzisiaj.","robots":{"index":"index","follow":"follow","max-snippet":"max-snippet:-1","max-image-preview":"max-image-preview:large","max-video-preview":"max-video-preview:-1"},"canonical":"https:\/\/leinonen.eu\/pol\/pl\/","og_locale":"pl_PL","og_type":"article","og_title":"Leinonen Polska | Leinonen","og_description":"Misj\u0105 Leinonen Polska jest u\u0142atwienie dzia\u0142alno\u015bci firmom z kapita\u0142em zagranicznym poprzez przej\u0119cie czasoch\u0142onnych proces\u00f3w, takich jak zarz\u0105dzanie p\u0142acami. Skontaktuj si\u0119 z nami ju\u017c dzisiaj.","og_url":"https:\/\/leinonen.eu\/pol\/pl\/","og_site_name":"Leinonen Poland","article_modified_time":"2026-03-24T16:36:17+00:00","twitter_card":"summary_large_image","twitter_site":"@leinonengroup","twitter_misc":{"Written by":"tenpixls"},"schema":{"@context":"https:\/\/schema.org","@graph":[{"@type":"WebPage","@id":"https:\/\/leinonen.eu\/pol\/pl\/","url":"https:\/\/leinonen.eu\/pol\/pl\/","name":"Leinonen Polska | Leinonen","isPartOf":{"@id":"https:\/\/leinonen.eu\/pol\/pl\/#website"},"datePublished":"2022-01-05T13:37:28+00:00","dateModified":"2026-03-24T16:36:17+00:00","description":"Misj\u0105 Leinonen Polska jest u\u0142atwienie dzia\u0142alno\u015bci firmom z kapita\u0142em zagranicznym poprzez przej\u0119cie czasoch\u0142onnych proces\u00f3w, takich jak zarz\u0105dzanie p\u0142acami. Skontaktuj si\u0119 z nami ju\u017c dzisiaj.","breadcrumb":{"@id":"https:\/\/leinonen.eu\/pol\/pl\/#breadcrumb"},"inLanguage":"pl-PL","potentialAction":[{"@type":"ReadAction","target":["https:\/\/leinonen.eu\/pol\/pl\/"]}]},{"@type":"BreadcrumbList","@id":"https:\/\/leinonen.eu\/pol\/pl\/#breadcrumb","itemListElement":[{"@type":"ListItem","position":1,"name":"Home","item":"https:\/\/leinonen.eu\/pol\/pl\/"},{"@type":"ListItem","position":2,"name":"Home"}]},{"@type":"WebSite","@id":"https:\/\/leinonen.eu\/pol\/pl\/#website","url":"https:\/\/leinonen.eu\/pol\/pl\/","name":"Leinonen Poland","description":"","potentialAction":[{"@type":"SearchAction","target":{"@type":"EntryPoint","urlTemplate":"https:\/\/leinonen.eu\/pol\/pl\/?s={search_term_string}"},"query-input":{"@type":"PropertyValueSpecification","valueRequired":true,"valueName":"search_term_string"}}],"inLanguage":"pl-PL"}]}},"_links":{"self":[{"href":"https:\/\/leinonen.eu\/pol\/pl\/wp-json\/wp\/v2\/pages\/89","targetHints":{"allow":["GET"]}}],"collection":[{"href":"https:\/\/leinonen.eu\/pol\/pl\/wp-json\/wp\/v2\/pages"}],"about":[{"href":"https:\/\/leinonen.eu\/pol\/pl\/wp-json\/wp\/v2\/types\/page"}],"author":[{"embeddable":true,"href":"https:\/\/leinonen.eu\/pol\/pl\/wp-json\/wp\/v2\/users\/1"}],"replies":[{"embeddable":true,"href":"https:\/\/leinonen.eu\/pol\/pl\/wp-json\/wp\/v2\/comments?post=89"}],"version-history":[{"count":21,"href":"https:\/\/leinonen.eu\/pol\/pl\/wp-json\/wp\/v2\/pages\/89\/revisions"}],"predecessor-version":[{"id":5151,"href":"https:\/\/leinonen.eu\/pol\/pl\/wp-json\/wp\/v2\/pages\/89\/revisions\/5151"}],"wp:attachment":[{"href":"https:\/\/leinonen.eu\/pol\/pl\/wp-json\/wp\/v2\/media?parent=89"}],"wp:term":[{"taxonomy":"author","embeddable":true,"href":"https:\/\/leinonen.eu\/pol\/pl\/wp-json\/wp\/v2\/coauthors?post=89"}],"curies":[{"name":"wp","href":"https:\/\/api.w.org\/{rel}","templated":true}]}}